{"id":3589,"date":"2021-01-30T19:30:13","date_gmt":"2021-01-30T19:30:13","guid":{"rendered":"https:\/\/sites.generatepress.com\/shop\/?page_id=3589"},"modified":"2026-01-21T00:25:21","modified_gmt":"2026-01-21T04:25:21","slug":"contact","status":"publish","type":"page","link":"https:\/\/lovavibe.com\/en\/contact\/","title":{"rendered":"Contact"},"content":{"rendered":"<div class=\"gbp-section gb-element-def8f38a\">\n<div class=\"gb-element-da00e569\">\n<img loading=\"lazy\" decoding=\"async\" width=\"2560\" height=\"2560\" class=\"gb-media-acba3575\" src=\"https:\/\/lovavibe.com\/wp-content\/uploads\/2026\/01\/logo-lova-fond-transparent-scaled.png\" title=\"logo lova fond transparent\" alt=\"\" srcset=\"https:\/\/lovavibe.com\/wp-content\/uploads\/2026\/01\/logo-lova-fond-transparent-scaled.png 2560w, https:\/\/lovavibe.com\/wp-content\/uploads\/2026\/01\/logo-lova-fond-transparent-300x300.png 300w, https:\/\/lovavibe.com\/wp-content\/uploads\/2026\/01\/logo-lova-fond-transparent-1024x1024.png 1024w, https:\/\/lovavibe.com\/wp-content\/uploads\/2026\/01\/logo-lova-fond-transparent-150x150.png 150w, https:\/\/lovavibe.com\/wp-content\/uploads\/2026\/01\/logo-lova-fond-transparent-768x768.png 768w, https:\/\/lovavibe.com\/wp-content\/uploads\/2026\/01\/logo-lova-fond-transparent-1536x1536.png 1536w, https:\/\/lovavibe.com\/wp-content\/uploads\/2026\/01\/logo-lova-fond-transparent-2048x2048.png 2048w, https:\/\/lovavibe.com\/wp-content\/uploads\/2026\/01\/logo-lova-fond-transparent-12x12.png 12w, https:\/\/lovavibe.com\/wp-content\/uploads\/2026\/01\/logo-lova-fond-transparent-400x400.png 400w, https:\/\/lovavibe.com\/wp-content\/uploads\/2026\/01\/logo-lova-fond-transparent-500x500.png 500w, https:\/\/lovavibe.com\/wp-content\/uploads\/2026\/01\/logo-lova-fond-transparent-100x100.png 100w\" sizes=\"auto, (max-width: 2560px) 100vw, 2560px\" \/>\n<\/div>\n\n\n\n<div class=\"gbp-section__inner gb-element-62d01c87\">\n<div class=\"gb-element-807f249a\">\n<h2 class=\"gb-text gbp-section__headline gb-text-af452e6f\">Contact<\/h2>\n\n\n\n<h4 class=\"wp-block-heading\">infos@lovavibe.com<\/h4>\n<\/div>\n<\/div>\n\n\n\n<div class=\"gb-element-5375613e\">\n<h2 class=\"wp-block-heading\">Lo.Va.<\/h2>\n\n\n\n<h5 class=\"wp-block-heading has-text-align-center\">Based in Montreal, we are a proudly Quebecois and Canadian company.<\/h5>\n\n\n\n<h4 class=\"wp-block-heading\">Follow us on our social media!<\/h4>\n\n\n\n<div class=\"gb-element-3996e7ec\">\n<a class=\"gb-text-c0cb9cf4\" href=\"https:\/\/instagram.com\/send.a.vibe?igsh=MTd2anluYnV2bndodQ==\"><span class=\"gb-shape\"><svg aria-hidden=\"true\" role=\"img\" height=\"1em\" width=\"1em\" viewbox=\"0 0 448 512\" xmlns=\"http:\/\/www.w3.org\/2000\/svg\"><path fill=\"currentColor\" d=\"M224.1 141c-63.6 0-114.9 51.3-114.9 114.9s51.3 114.9 114.9 114.9S339 319.5 339 255.9 287.7 141 224.1 141zm0 189.6c-41.1 0-74.7-33.5-74.7-74.7s33.5-74.7 74.7-74.7 74.7 33.5 74.7 74.7-33.6 74.7-74.7 74.7zm146.4-194.3c0 14.9-12 26.8-26.8 26.8-14.9 0-26.8-12-26.8-26.8s12-26.8 26.8-26.8 26.8 12 26.8 26.8zm76.1 27.2c-1.7-35.9-9.9-67.7-36.2-93.9-26.2-26.2-58-34.4-93.9-36.2-37-2.1-147.9-2.1-184.9 0-35.8 1.7-67.6 9.9-93.9 36.1s-34.4 58-36.2 93.9c-2.1 37-2.1 147.9 0 184.9 1.7 35.9 9.9 67.7 36.2 93.9s58 34.4 93.9 36.2c37 2.1 147.9 2.1 184.9 0 35.9-1.7 67.7-9.9 93.9-36.2 26.2-26.2 34.4-58 36.2-93.9 2.1-37 2.1-147.8 0-184.8zM398.8 388c-7.8 19.6-22.9 34.7-42.6 42.6-29.5 11.7-99.5 9-132.1 9s-102.7 2.6-132.1-9c-19.6-7.8-34.7-22.9-42.6-42.6-11.7-29.5-9-99.5-9-132.1s-2.6-102.7 9-132.1c7.8-19.6 22.9-34.7 42.6-42.6 29.5-11.7 99.5-9 132.1-9s102.7-2.6 132.1 9c19.6 7.8 34.7 22.9 42.6 42.6 11.7 29.5 9 99.5 9 132.1s2.7 102.7-9 132.1z\"><\/path><\/svg><\/span><\/a>\n\n\n\n<a class=\"gb-text-ceba1937\" href=\"https:\/\/www.facebook.com\/profile.php?id=61571367436436\"><span class=\"gb-shape\"><svg aria-hidden=\"true\" role=\"img\" height=\"1em\" width=\"1em\" viewbox=\"0 0 512 512\" xmlns=\"http:\/\/www.w3.org\/2000\/svg\"><path fill=\"currentColor\" d=\"M504 256C504 119 393 8 256 8S8 119 8 256c0 123.78 90.69 226.38 209.25 245V327.69h-63V256h63v-54.64c0-62.15 37-96.48 93.67-96.48 27.14 0 55.52 4.84 55.52 4.84v61h-31.28c-30.8 0-40.41 19.12-40.41 38.73V256h68.78l-11 71.69h-57.78V501C413.31 482.38 504 379.78 504 256z\"><\/path><\/svg><\/span><\/a>\n\n\n\n<a class=\"gb-text-f9b68774\" href=\"https:\/\/pin.it\/6eaTuv4bW\"><span class=\"gb-shape\"><svg aria-hidden=\"true\" role=\"img\" height=\"1em\" width=\"1em\" viewbox=\"0 0 384 512\" xmlns=\"http:\/\/www.w3.org\/2000\/svg\"><path fill=\"currentColor\" d=\"M204 6.5C101.4 6.5 0 74.9 0 185.6 0 256 39.6 296 63.6 296c9.9 0 15.6-27.6 15.6-35.4 0-9.3-23.7-29.1-23.7-67.8 0-80.4 61.2-137.4 140.4-137.4 68.1 0 118.5 38.7 118.5 109.8 0 53.1-21.3 152.7-90.3 152.7-24.9 0-46.2-18-46.2-43.8 0-37.8 26.4-74.4 26.4-113.4 0-66.2-93.9-54.2-93.9 25.8 0 16.8 2.1 35.4 9.6 50.7-13.8 59.4-42 147.9-42 209.1 0 18.9 2.7 37.5 4.5 56.4 3.4 3.8 1.7 3.4 6.9 1.5 50.4-69 48.6-82.5 71.4-172.8 12.3 23.4 44.1 36 69.3 36 106.2 0 153.9-103.5 153.9-196.8C384 71.3 298.2 6.5 204 6.5z\"><\/path><\/svg><\/span><\/a>\n<\/div>\n<\/div>\n<\/div>\n\n\n\n<div class=\"gb-element-fd850ce3\">\n<div class=\"gb-element-847b6389\">\n<p class=\"gb-text gbp-section__text gb-text-805f57c6\">Phone :<br>+1 438 873 4477<\/p>\n<\/div>\n\n\n\n<div class=\"gb-element-32b4ce99\">\n<p class=\"gb-text gbp-section__text\">Montr\u00e9al, Qu\u00e9bec Canada<\/p>\n<\/div>\n<\/div>","protected":false},"excerpt":{"rendered":"<p>Contactez-nous infos@lovavibe.com Lo.Va. Install\u00e9s \u00e0 Montr\u00e9al, nous sommes une entreprise fi\u00e8rement qu\u00e9b\u00e9coise et canadienne. Suivez-nous sur nos r\u00e9seaux &#8230; <\/p>\n<p class=\"read-more-container\"><a title=\"Contact\" class=\"read-more button\" href=\"https:\/\/lovavibe.com\/en\/contact\/#more-3589\" aria-label=\"Read more about Contactez-nous\">Lire la suite<\/a><\/p>","protected":false},"author":1,"featured_media":0,"parent":0,"menu_order":0,"comment_status":"closed","ping_status":"closed","template":"","meta":{"_glsr_average":0,"_glsr_ranking":0,"_glsr_reviews":0,"footnotes":""},"class_list":["post-3589","page","type-page","status-publish"],"_links":{"self":[{"href":"https:\/\/lovavibe.com\/en\/wp-json\/wp\/v2\/pages\/3589","targetHints":{"allow":["GET"]}}],"collection":[{"href":"https:\/\/lovavibe.com\/en\/wp-json\/wp\/v2\/pages"}],"about":[{"href":"https:\/\/lovavibe.com\/en\/wp-json\/wp\/v2\/types\/page"}],"author":[{"embeddable":true,"href":"https:\/\/lovavibe.com\/en\/wp-json\/wp\/v2\/users\/1"}],"replies":[{"embeddable":true,"href":"https:\/\/lovavibe.com\/en\/wp-json\/wp\/v2\/comments?post=3589"}],"version-history":[{"count":7,"href":"https:\/\/lovavibe.com\/en\/wp-json\/wp\/v2\/pages\/3589\/revisions"}],"predecessor-version":[{"id":7681,"href":"https:\/\/lovavibe.com\/en\/wp-json\/wp\/v2\/pages\/3589\/revisions\/7681"}],"wp:attachment":[{"href":"https:\/\/lovavibe.com\/en\/wp-json\/wp\/v2\/media?parent=3589"}],"curies":[{"name":"wp","href":"https:\/\/api.w.org\/{rel}","templated":true}]}}