{"id":5127,"date":"2025-03-21T07:14:22","date_gmt":"2025-03-21T07:14:22","guid":{"rendered":"https:\/\/lovavibe.com\/?page_id=5127"},"modified":"2026-04-22T00:48:15","modified_gmt":"2026-04-22T04:48:15","slug":"home-2-2","status":"publish","type":"page","link":"https:\/\/lovavibe.com\/en\/","title":{"rendered":"Home"},"content":{"rendered":"<div class=\"gb-element-877c8c22\">\n<div class=\"gb-element-3a4e961a\">\n<div class=\"gb-element-b37e3b96\"><\/div>\n\n\n\n<div class=\"gb-element-22c7655c\">\n<p class=\"gb-text gb-text-32d3a46e\">D\u00e9couvrez l&rsquo;\u00c9dition Limit\u00e9e <em><strong>Mother's Day<\/strong><\/em> de notre Bo\u00eete Fleurie! <\/p>\n<\/div>\n\n\n\n<a class=\"gb-text gbp-button--secondary gb-text-46dbb7e4\" href=\"https:\/\/lovavibe.com\/en\/boite-fleurie-edition-limitee-fete-des-meres\/\">See our special offer<\/a>\n<\/div>\n<\/div>\n\n\n\n<div class=\"gbp-section gb-element-f65c3f8c\">\n<div class=\"gbp-section__inner gb-element-84b6308e\">\n<img loading=\"lazy\" decoding=\"async\" width=\"1296\" height=\"972\" class=\"gb-media-dd045f6f\" src=\"https:\/\/lovavibe.com\/wp-content\/uploads\/2026\/04\/fete-des-meres-boite-et-produits-2-petit.png\" title=\"fete des meres boite et produits 2 - petit\" alt=\"\" srcset=\"https:\/\/lovavibe.com\/wp-content\/uploads\/2026\/04\/fete-des-meres-boite-et-produits-2-petit.png 1296w, https:\/\/lovavibe.com\/wp-content\/uploads\/2026\/04\/fete-des-meres-boite-et-produits-2-petit-300x225.png 300w, https:\/\/lovavibe.com\/wp-content\/uploads\/2026\/04\/fete-des-meres-boite-et-produits-2-petit-1024x768.png 1024w, https:\/\/lovavibe.com\/wp-content\/uploads\/2026\/04\/fete-des-meres-boite-et-produits-2-petit-768x576.png 768w, https:\/\/lovavibe.com\/wp-content\/uploads\/2026\/04\/fete-des-meres-boite-et-produits-2-petit-16x12.png 16w, https:\/\/lovavibe.com\/wp-content\/uploads\/2026\/04\/fete-des-meres-boite-et-produits-2-petit-400x300.png 400w, https:\/\/lovavibe.com\/wp-content\/uploads\/2026\/04\/fete-des-meres-boite-et-produits-2-petit-500x375.png 500w\" sizes=\"auto, (max-width: 1296px) 100vw, 1296px\" \/>\n\n\n\n<div class=\"gb-element-7553f0d6\">\n<h2 class=\"gb-text gbp-section__headline gb-text-741c88af translation-block\">Give the <em>Mother\u2019s Day<\/em> Limited Edition of our Floral Box!<\/h2>\n\n\n\n<p class=\"gb-text gbp-section__text gb-text-18472b40 translation-block\">Because your mom deserves to enjoy our <strong>floral gift box<\/strong>, a charming and lasting alternative to the traditional bouquet. Available for a limited time in our Mother\u2019s Day Edition.<\/p>\n\n\n\n<div class=\"gb-element-ee19a20f\">\n<a class=\"gb-text gbp-button--secondary gb-text-c9bb6421\" href=\"https:\/\/lovavibe.com\/en\/boite-fleurie-edition-limitee-fete-des-meres\/\">Offer it!<\/a>\n<\/div>\n<\/div>\n<\/div>\n<\/div>\n\n\n\n<div class=\"gbp-section gb-element-36f0ae43\">\n<div class=\"gb-element-7c0c10b0\">\n<div class=\"gbp-section__inner gb-element-e47f1a28\">\n<div class=\"gb-element-e95a1e53\">\n<h2 class=\"gb-text gbp-section__headline gb-text-90f2e9eb\">The incredible Winter Box is on sale!<\/h2>\n\n\n\n<p class=\"gb-text gbp-section__text gb-text-9581df0e\">Immerse yourself in the softness of winter with this gift box, thoughtfully curated to bring warmth and comfort. Filled with cozy textures, soothing scents, and charming touches inspired by fireside evenings, each item has been carefully chosen to transform chilly days into unforgettable cocooning moments.<\/p>\n\n\n\n<div class=\"gb-element-4f49e888\">\n<a class=\"gb-text gbp-button--secondary gb-text-ee014a17\" href=\"https:\/\/lovavibe.com\/en\/hiver\/\">Customize yours!<\/a>\n<\/div>\n<\/div>\n\n\n\n<img loading=\"lazy\" decoding=\"async\" width=\"1296\" height=\"972\" class=\"gb-media-2af0c80e\" src=\"https:\/\/lovavibe.com\/wp-content\/uploads\/2025\/04\/winter-gros-plan-retouche-poil-small.png\" title=\"winter gros plan retouche poil small\" alt=\"\" srcset=\"https:\/\/lovavibe.com\/wp-content\/uploads\/2025\/04\/winter-gros-plan-retouche-poil-small.png 1296w, https:\/\/lovavibe.com\/wp-content\/uploads\/2025\/04\/winter-gros-plan-retouche-poil-small-300x225.png 300w, https:\/\/lovavibe.com\/wp-content\/uploads\/2025\/04\/winter-gros-plan-retouche-poil-small-1024x768.png 1024w, https:\/\/lovavibe.com\/wp-content\/uploads\/2025\/04\/winter-gros-plan-retouche-poil-small-768x576.png 768w, https:\/\/lovavibe.com\/wp-content\/uploads\/2025\/04\/winter-gros-plan-retouche-poil-small-16x12.png 16w, https:\/\/lovavibe.com\/wp-content\/uploads\/2025\/04\/winter-gros-plan-retouche-poil-small-400x300.png 400w, https:\/\/lovavibe.com\/wp-content\/uploads\/2025\/04\/winter-gros-plan-retouche-poil-small-500x375.png 500w\" sizes=\"auto, (max-width: 1296px) 100vw, 1296px\" \/>\n<\/div>\n<\/div>\n<\/div>\n\n\n\n<div class=\"gbp-section gb-element-fb3838f9\">\n<div class=\"gbp-section__inner gb-element-1dfc8758\">\n<div class=\"gb-element-723acf00\">\n<h2 class=\"gb-text gbp-section__headline gb-text-baf2d099\">Dare to open the Spooky Box? <\/h2>\n\n\n\n<h3 class=\"gb-text gbp-section__headline gb-text-3f3cd6a3\">Mystery inside, vibe guaranteed!<\/h3>\n\n\n\n<p class=\"gb-text gbp-section__text gb-text-ab0cf182\">Experience the misty, melancholic charm of autumn in a mysterious box.<br><br>Surprises await in this limited edition!<br><br>Discover a themed atmosphere that captures the essence of the <strong>coziest season<\/strong>.<\/p>\n\n\n\n<div class=\"gb-element-6166cd72\">\n<a class=\"gb-text gbp-button--secondary gb-text-881de00b\" href=\"https:\/\/lovavibe.com\/en\/spooky\/\">Buy now<\/a>\n<\/div>\n<\/div>\n\n\n\n<img loading=\"lazy\" decoding=\"async\" width=\"1296\" height=\"972\" class=\"gb-media-15a830d4\" src=\"https:\/\/lovavibe.com\/wp-content\/uploads\/2025\/10\/automne-front-large-600-kb.png\" title=\"automne front large 600 kb\" alt=\"\" srcset=\"https:\/\/lovavibe.com\/wp-content\/uploads\/2025\/10\/automne-front-large-600-kb.png 1296w, https:\/\/lovavibe.com\/wp-content\/uploads\/2025\/10\/automne-front-large-600-kb-300x225.png 300w, https:\/\/lovavibe.com\/wp-content\/uploads\/2025\/10\/automne-front-large-600-kb-1024x768.png 1024w, https:\/\/lovavibe.com\/wp-content\/uploads\/2025\/10\/automne-front-large-600-kb-768x576.png 768w, https:\/\/lovavibe.com\/wp-content\/uploads\/2025\/10\/automne-front-large-600-kb-16x12.png 16w, https:\/\/lovavibe.com\/wp-content\/uploads\/2025\/10\/automne-front-large-600-kb-400x300.png 400w, https:\/\/lovavibe.com\/wp-content\/uploads\/2025\/10\/automne-front-large-600-kb-500x375.png 500w\" sizes=\"auto, (max-width: 1296px) 100vw, 1296px\" \/>\n<\/div>\n<\/div>\n\n\n\n<div class=\"gbp-section gb-element-ff966cf1\">\n<div class=\"gb-element-9dc8b223\">\n<div class=\"gbp-section__inner gb-element-564ddcef\">\n<div class=\"gb-element-8d79c780\">\n<h2 class=\"gb-text gbp-section__headline gb-text-74cd36e3\">The Art of saying Good Night<\/h2>\n\n\n\n<p class=\"gb-text gbp-section__text gb-text-b89d100b\">What if sleep began long before closing your eyes? With our \"Good Night\" gift box, offer a unique sensory experience that soothes the body and mind. Soft textures, enveloping aromas, comforting care gestures... This box is filled with high-quality products designed to create a relaxing, comforting, and above all, unforgettable evening routine.<\/p>\n\n\n\n<div class=\"gb-element-59982948\">\n<a class=\"gb-text gbp-button--secondary gb-text-34bb7041\" href=\"https:\/\/lovavibe.com\/en\/bonne-nuit\/\">Customize yours!<\/a>\n<\/div>\n<\/div>\n\n\n\n<img loading=\"lazy\" decoding=\"async\" width=\"1712\" height=\"1282\" class=\"gb-media-dca715f3\" src=\"https:\/\/lovavibe.com\/wp-content\/uploads\/2025\/04\/gn-ouverte-gros-plan-petite.png\" title=\"gn ouverte gros plan petite\" alt=\"\" srcset=\"https:\/\/lovavibe.com\/wp-content\/uploads\/2025\/04\/gn-ouverte-gros-plan-petite.png 1712w, https:\/\/lovavibe.com\/wp-content\/uploads\/2025\/04\/gn-ouverte-gros-plan-petite-300x225.png 300w, https:\/\/lovavibe.com\/wp-content\/uploads\/2025\/04\/gn-ouverte-gros-plan-petite-1024x767.png 1024w, https:\/\/lovavibe.com\/wp-content\/uploads\/2025\/04\/gn-ouverte-gros-plan-petite-768x575.png 768w, https:\/\/lovavibe.com\/wp-content\/uploads\/2025\/04\/gn-ouverte-gros-plan-petite-1536x1150.png 1536w, https:\/\/lovavibe.com\/wp-content\/uploads\/2025\/04\/gn-ouverte-gros-plan-petite-16x12.png 16w, https:\/\/lovavibe.com\/wp-content\/uploads\/2025\/04\/gn-ouverte-gros-plan-petite-400x300.png 400w, https:\/\/lovavibe.com\/wp-content\/uploads\/2025\/04\/gn-ouverte-gros-plan-petite-500x374.png 500w\" sizes=\"auto, (max-width: 1712px) 100vw, 1712px\" \/>\n<\/div>\n<\/div>\n<\/div>\n\n\n\n<div class=\"gbp-section gb-element-35737f32\">\n<div class=\"gbp-section__inner gb-element-2b47fa36\">\n<div class=\"gb-element-2114a0c6\">\n<h2 class=\"gb-text gbp-section__headline gb-text-16c6d48a\">What sets us apart?<\/h2>\n\n\n\n<div class=\"gb-text gbp-section__text gb-text-d0efe672\">Des bo\u00eetes cadeaux exceptionnelles renfermant une multitude de d\u00e9licates attentions. <br>You\u2019re not just giving a present, but a <strong>unique experience<\/strong>.<\/div>\n<\/div>\n<\/div>\n\n\n\n<div class=\"gbp-section__inner gb-element-67dc2937\">\n<div class=\"gbp-card gbp-card--border gb-element-cbc6a304\">\n<h3 class=\"gb-text gbp-card__title gb-text-48ad8941\"><strong>Beautiful packaging<\/strong><\/h3>\n\n\n\n<div class=\"gb-text gbp-section__text gb-text-8224e1e5\">High-quality boxes that you'll want to keep!<\/div>\n<\/div>\n\n\n\n<div class=\"gbp-card gbp-card--border gb-element-13133f38\">\n<h3 class=\"gb-text gbp-card__title gb-text-8c7fe7ff\"><strong>Quality products<\/strong><\/h3>\n\n\n\n<div class=\"gb-text gbp-section__text gb-text-92fc6558\">Products specially selected to create the unique vibe you want to offer.<\/div>\n<\/div>\n\n\n\n<div class=\"gbp-card gbp-card--border gb-element-bbd7c2da\">\n<h3 class=\"gb-text gbp-card__title gb-text-d9c8cb45\"><strong>Vibe boosters<\/strong><\/h3>\n\n\n\n<div class=\"gb-text gbp-section__text gb-text-919c3792\">Our \"Vibe boosters\" are small surprise additions that we slip into our boxes to amplify the unboxing experience.<\/div>\n<\/div>\n<\/div>\n<\/div>","protected":false},"excerpt":{"rendered":"<p>D\u00e9couvrez l&rsquo;\u00c9dition Limit\u00e9e F\u00eate des M\u00e8res de notre Bo\u00eete Fleurie! Voir l&rsquo;offre sp\u00e9ciale Offrez l&rsquo;\u00c9dition Limit\u00e9e F\u00eate des &#8230; <\/p>\n<p class=\"read-more-container\"><a title=\"Home\" class=\"read-more button\" href=\"https:\/\/lovavibe.com\/en\/#more-5127\" aria-label=\"Read more about Accueil\">Lire la suite<\/a><\/p>","protected":false},"author":1,"featured_media":0,"parent":0,"menu_order":0,"comment_status":"closed","ping_status":"closed","template":"","meta":{"_glsr_average":0,"_glsr_ranking":0,"_glsr_reviews":0,"footnotes":""},"class_list":["post-5127","page","type-page","status-publish"],"_links":{"self":[{"href":"https:\/\/lovavibe.com\/en\/wp-json\/wp\/v2\/pages\/5127","targetHints":{"allow":["GET"]}}],"collection":[{"href":"https:\/\/lovavibe.com\/en\/wp-json\/wp\/v2\/pages"}],"about":[{"href":"https:\/\/lovavibe.com\/en\/wp-json\/wp\/v2\/types\/page"}],"author":[{"embeddable":true,"href":"https:\/\/lovavibe.com\/en\/wp-json\/wp\/v2\/users\/1"}],"replies":[{"embeddable":true,"href":"https:\/\/lovavibe.com\/en\/wp-json\/wp\/v2\/comments?post=5127"}],"version-history":[{"count":246,"href":"https:\/\/lovavibe.com\/en\/wp-json\/wp\/v2\/pages\/5127\/revisions"}],"predecessor-version":[{"id":7855,"href":"https:\/\/lovavibe.com\/en\/wp-json\/wp\/v2\/pages\/5127\/revisions\/7855"}],"wp:attachment":[{"href":"https:\/\/lovavibe.com\/en\/wp-json\/wp\/v2\/media?parent=5127"}],"curies":[{"name":"wp","href":"https:\/\/api.w.org\/{rel}","templated":true}]}}