{"id":5461,"date":"2025-03-25T20:22:40","date_gmt":"2025-03-25T20:22:40","guid":{"rendered":"https:\/\/lovavibe.com\/?page_id=5461"},"modified":"2026-03-11T19:11:47","modified_gmt":"2026-03-11T23:11:47","slug":"boites-classiques","status":"publish","type":"page","link":"https:\/\/lovavibe.com\/en\/boites-classiques\/","title":{"rendered":"Classic Boxes"},"content":{"rendered":"<div class=\"gbp-section gb-element-ea196b6a\">\n<div class=\"gb-element-a6a0aed9\">\n<h2 class=\"gb-text gbp-section__headline gb-text-0662ffcb\">Classic Gift Boxes<\/h2>\n\n\n\n<p class=\"gb-text gbp-section__text\">What Vibe are you offering?<\/p>\n<\/div>\n\n\n\n<div class=\"gbp-section__inner gb-element-9668896a\">\n<div>\n<a href=\"https:\/\/lovavibe.com\/en\/hiver\/\"><img loading=\"lazy\" decoding=\"async\" width=\"1712\" height=\"1282\" class=\"gb-media-8faf3831\" src=\"https:\/\/lovavibe.com\/wp-content\/uploads\/2025\/04\/winter-fermee-seule-petite.png\" title=\"winter fermee seule petite\" alt=\"\" srcset=\"https:\/\/lovavibe.com\/wp-content\/uploads\/2025\/04\/winter-fermee-seule-petite.png 1712w, https:\/\/lovavibe.com\/wp-content\/uploads\/2025\/04\/winter-fermee-seule-petite-300x225.png 300w, https:\/\/lovavibe.com\/wp-content\/uploads\/2025\/04\/winter-fermee-seule-petite-1024x767.png 1024w, https:\/\/lovavibe.com\/wp-content\/uploads\/2025\/04\/winter-fermee-seule-petite-768x575.png 768w, https:\/\/lovavibe.com\/wp-content\/uploads\/2025\/04\/winter-fermee-seule-petite-1536x1150.png 1536w, https:\/\/lovavibe.com\/wp-content\/uploads\/2025\/04\/winter-fermee-seule-petite-16x12.png 16w, https:\/\/lovavibe.com\/wp-content\/uploads\/2025\/04\/winter-fermee-seule-petite-400x300.png 400w, https:\/\/lovavibe.com\/wp-content\/uploads\/2025\/04\/winter-fermee-seule-petite-500x374.png 500w\" sizes=\"auto, (max-width: 1712px) 100vw, 1712px\" \/><\/a>\n\n\n\n<p class=\"gb-text gbp-section__tagline\"><em>Rabais de fin de saison!<\/em><\/p>\n\n\n\n<h3 class=\"gb-text gbp-section__headline\"><a href=\"https:\/\/lovavibe.com\/en\/hivernale\/\" data-type=\"page\" data-id=\"5318\">Winter<\/a><\/h3>\n\n\n\n<p class=\"gb-text gbp-section__text\">A perfect way to appreciate the winter season to the fullest.<\/p>\n<\/div>\n\n\n\n<div>\n<a href=\"https:\/\/lovavibe.com\/en\/florale\/\"><img loading=\"lazy\" decoding=\"async\" width=\"1296\" height=\"972\" class=\"gb-media-b5074512\" src=\"https:\/\/lovavibe.com\/wp-content\/uploads\/2025\/07\/boite-fermee-gros-plan.png\" title=\"boite fermee gros plan\" alt=\"\" srcset=\"https:\/\/lovavibe.com\/wp-content\/uploads\/2025\/07\/boite-fermee-gros-plan.png 1296w, https:\/\/lovavibe.com\/wp-content\/uploads\/2025\/07\/boite-fermee-gros-plan-300x225.png 300w, https:\/\/lovavibe.com\/wp-content\/uploads\/2025\/07\/boite-fermee-gros-plan-1024x768.png 1024w, https:\/\/lovavibe.com\/wp-content\/uploads\/2025\/07\/boite-fermee-gros-plan-768x576.png 768w, https:\/\/lovavibe.com\/wp-content\/uploads\/2025\/07\/boite-fermee-gros-plan-16x12.png 16w, https:\/\/lovavibe.com\/wp-content\/uploads\/2025\/07\/boite-fermee-gros-plan-400x300.png 400w, https:\/\/lovavibe.com\/wp-content\/uploads\/2025\/07\/boite-fermee-gros-plan-500x375.png 500w\" sizes=\"auto, (max-width: 1296px) 100vw, 1296px\" \/><\/a>\n\n\n\n<p class=\"gb-text gbp-section__tagline\"><em>Un bouquet en bo\u00eete<\/em><\/p>\n\n\n\n<h3 class=\"gb-text gbp-section__headline\"><a href=\"https:\/\/lovavibe.com\/en\/florale\/\" data-type=\"page\" data-id=\"5316\">Floral<\/a><\/h3>\n\n\n\n<p class=\"gb-text gbp-section__text\">The full beauty and delicacy of flowers!<\/p>\n<\/div>\n\n\n\n<div>\n<a href=\"https:\/\/lovavibe.com\/en\/ambiance-bonne-nuit\/\"><img loading=\"lazy\" decoding=\"async\" width=\"1296\" height=\"972\" class=\"gb-media-cabd3e78\" src=\"https:\/\/lovavibe.com\/wp-content\/uploads\/2025\/07\/petite-et-grosse-good-night-2-small.png\" title=\"petite et grosse good night 2 small\" alt=\"\" srcset=\"https:\/\/lovavibe.com\/wp-content\/uploads\/2025\/07\/petite-et-grosse-good-night-2-small.png 1296w, https:\/\/lovavibe.com\/wp-content\/uploads\/2025\/07\/petite-et-grosse-good-night-2-small-300x225.png 300w, https:\/\/lovavibe.com\/wp-content\/uploads\/2025\/07\/petite-et-grosse-good-night-2-small-1024x768.png 1024w, https:\/\/lovavibe.com\/wp-content\/uploads\/2025\/07\/petite-et-grosse-good-night-2-small-768x576.png 768w, https:\/\/lovavibe.com\/wp-content\/uploads\/2025\/07\/petite-et-grosse-good-night-2-small-16x12.png 16w, https:\/\/lovavibe.com\/wp-content\/uploads\/2025\/07\/petite-et-grosse-good-night-2-small-400x300.png 400w, https:\/\/lovavibe.com\/wp-content\/uploads\/2025\/07\/petite-et-grosse-good-night-2-small-500x375.png 500w\" sizes=\"auto, (max-width: 1296px) 100vw, 1296px\" \/><\/a>\n\n\n\n<p class=\"gb-text gbp-section__tagline\"><em>Classic winner<\/em><\/p>\n\n\n\n<h3 class=\"gb-text gbp-section__headline\"><a href=\"https:\/\/lovavibe.com\/en\/ambiance-bonne-nuit\/\" data-type=\"page\" data-id=\"7101\">Good Night<\/a><\/h3>\n\n\n\n<p class=\"gb-text gbp-section__text\">Offer serenity and peace.  <\/p>\n<\/div>\n\n\n\n<div>\n<a href=\"https:\/\/lovavibe.com\/en\/ambiance-sorcellerie\/\"><img loading=\"lazy\" decoding=\"async\" width=\"1712\" height=\"1282\" class=\"gb-media-a927d958\" src=\"https:\/\/lovavibe.com\/wp-content\/uploads\/2025\/07\/witch-seules-fermee-petite.png\" title=\"witch seules fermee petite\" alt=\"\" srcset=\"https:\/\/lovavibe.com\/wp-content\/uploads\/2025\/07\/witch-seules-fermee-petite.png 1712w, https:\/\/lovavibe.com\/wp-content\/uploads\/2025\/07\/witch-seules-fermee-petite-300x225.png 300w, https:\/\/lovavibe.com\/wp-content\/uploads\/2025\/07\/witch-seules-fermee-petite-1024x767.png 1024w, https:\/\/lovavibe.com\/wp-content\/uploads\/2025\/07\/witch-seules-fermee-petite-768x575.png 768w, https:\/\/lovavibe.com\/wp-content\/uploads\/2025\/07\/witch-seules-fermee-petite-1536x1150.png 1536w, https:\/\/lovavibe.com\/wp-content\/uploads\/2025\/07\/witch-seules-fermee-petite-16x12.png 16w, https:\/\/lovavibe.com\/wp-content\/uploads\/2025\/07\/witch-seules-fermee-petite-400x300.png 400w, https:\/\/lovavibe.com\/wp-content\/uploads\/2025\/07\/witch-seules-fermee-petite-500x374.png 500w\" sizes=\"auto, (max-width: 1712px) 100vw, 1712px\" \/><\/a>\n\n\n\n<p class=\"gb-text gbp-section__tagline\"><em>A wonder to unveil<\/em><\/p>\n\n\n\n<h3 class=\"gb-text gbp-section__headline\"><a href=\"https:\/\/lovavibe.com\/en\/ambiance-sorcellerie\/\" data-type=\"page\" data-id=\"7121\">Witchy<\/a><\/h3>\n\n\n\n<p class=\"gb-text gbp-section__text\">Get ready to experience -or gift- a magical moment!<\/p>\n<\/div>\n<\/div>\n<\/div>","protected":false},"excerpt":{"rendered":"<p>Nos Bo\u00eetes Cadeaux Classiques Quelle ambiance d\u00e9sirez-vous offrir? Rabais de fin de saison! Hivernale Elle vous fera appr\u00e9cier &#8230; <\/p>\n<p class=\"read-more-container\"><a title=\"Classic Boxes\" class=\"read-more button\" href=\"https:\/\/lovavibe.com\/en\/boites-classiques\/#more-5461\" aria-label=\"Read more about Bo\u00eetes Classiques\">Lire la suite<\/a><\/p>","protected":false},"author":1,"featured_media":6359,"parent":0,"menu_order":0,"comment_status":"closed","ping_status":"closed","template":"","meta":{"_glsr_average":0,"_glsr_ranking":0,"_glsr_reviews":0,"footnotes":""},"class_list":["post-5461","page","type-page","status-publish","has-post-thumbnail"],"_links":{"self":[{"href":"https:\/\/lovavibe.com\/en\/wp-json\/wp\/v2\/pages\/5461","targetHints":{"allow":["GET"]}}],"collection":[{"href":"https:\/\/lovavibe.com\/en\/wp-json\/wp\/v2\/pages"}],"about":[{"href":"https:\/\/lovavibe.com\/en\/wp-json\/wp\/v2\/types\/page"}],"author":[{"embeddable":true,"href":"https:\/\/lovavibe.com\/en\/wp-json\/wp\/v2\/users\/1"}],"replies":[{"embeddable":true,"href":"https:\/\/lovavibe.com\/en\/wp-json\/wp\/v2\/comments?post=5461"}],"version-history":[{"count":19,"href":"https:\/\/lovavibe.com\/en\/wp-json\/wp\/v2\/pages\/5461\/revisions"}],"predecessor-version":[{"id":7765,"href":"https:\/\/lovavibe.com\/en\/wp-json\/wp\/v2\/pages\/5461\/revisions\/7765"}],"wp:featuredmedia":[{"embeddable":true,"href":"https:\/\/lovavibe.com\/en\/wp-json\/wp\/v2\/media\/6359"}],"wp:attachment":[{"href":"https:\/\/lovavibe.com\/en\/wp-json\/wp\/v2\/media?parent=5461"}],"curies":[{"name":"wp","href":"https:\/\/api.w.org\/{rel}","templated":true}]}}