{"id":6613,"date":"2025-05-01T22:31:20","date_gmt":"2025-05-02T02:31:20","guid":{"rendered":"https:\/\/lovavibe.com\/?page_id=6613"},"modified":"2025-05-01T22:33:59","modified_gmt":"2025-05-02T02:33:59","slug":"avis","status":"publish","type":"page","link":"https:\/\/lovavibe.com\/en\/avis\/","title":{"rendered":"Reviews"},"content":{"rendered":"<div class=\"gb-element-176ee16e\">\n<div class=\"gb-element-df731951\">\n<p class=\"gb-text gb-text-291470ef\">Customer reviews<\/p>\n<\/div>\n\n\n\n<div class=\"gb-element-dc7345ac\"><div class=\"has-text-align-left items-justified-left wp-block-site-reviews\"><div class=\"glsr glsr-default\" id=\"glsr_7qnuxxjx\" data-from=\"block\" data-shortcode=\"site_reviews\" data-display=\"20\" data-rating=\"3\"><div class=\"glsr-reviews-wrap\">\n    <div class=\"glsr-reviews\">\n        <div class=\"glsr-review\" data-id=\"7149\" data-type=\"local\" id=\"review-7149\" data-assigned='[]'>\n    <div class=\"glsr-review-title\"><h4 class=\"glsr-tag-value\">Merci pour les magnifiques cadeaux<\/h4><\/div>\n    <div class=\"glsr-review-rating\"><div class=\"glsr-star-rating glsr-stars\" role=\"img\" aria-label=\"Rated 5 out of 5 stars\" data-rating=\"5\" data-reviews=\"0\"><span class=\"glsr-star glsr-star-full\" aria-hidden=\"true\"><\/span><span class=\"glsr-star glsr-star-full\" aria-hidden=\"true\"><\/span><span class=\"glsr-star glsr-star-full\" aria-hidden=\"true\"><\/span><span class=\"glsr-star glsr-star-full\" aria-hidden=\"true\"><\/span><span class=\"glsr-star glsr-star-full\" aria-hidden=\"true\"><\/span><\/div><\/div> <div class=\"glsr-review-date\"><span class=\"glsr-tag-value\">September 10, 2025<\/span><\/div>\n    \n    <div class=\"glsr-review-content\"><div class=\"glsr-tag-value\" data-expanded=\"false\"><p>Un magnifique merci pour se beau concours j&#8217;adore ma bo\u00eete sorcellerie&#8230; jai trop h\u00e2te de l&#8217;utiliser \u263a\ufe0f\ud83e\uddd9\u200d\u2640\ufe0f<\/p><\/div><\/div>\n    <div class=\"glsr-review-avatar\"><img decoding=\"async\" style=\"width:40px; height:40px;\" alt=\"Avatar for Melanie laplante\" height=\"80\" loading=\"lazy\" src=\"https:\/\/lovavibe.com\/wp-content\/uploads\/site-reviews\/avatars\/ML.svg\" width=\"80\" \/><\/div>\n    <div class=\"glsr-review-author\"><span class=\"glsr-tag-value\">Melanie laplante<\/span><\/div>  \n    \n<\/div>\n<div class=\"glsr-review\" data-id=\"6794\" data-type=\"local\" id=\"review-6794\" data-assigned='[]'>\n    <div class=\"glsr-review-title\"><h4 class=\"glsr-tag-value\">Merveilleux<\/h4><\/div>\n    <div class=\"glsr-review-rating\"><div class=\"glsr-star-rating glsr-stars\" role=\"img\" aria-label=\"Rated 5 out of 5 stars\" data-rating=\"5\" data-reviews=\"0\"><span class=\"glsr-star glsr-star-full\" aria-hidden=\"true\"><\/span><span class=\"glsr-star glsr-star-full\" aria-hidden=\"true\"><\/span><span class=\"glsr-star glsr-star-full\" aria-hidden=\"true\"><\/span><span class=\"glsr-star glsr-star-full\" aria-hidden=\"true\"><\/span><span class=\"glsr-star glsr-star-full\" aria-hidden=\"true\"><\/span><\/div><\/div> <div class=\"glsr-review-date\"><span class=\"glsr-tag-value\">May 4, 2025<\/span><\/div>\n    \n    <div class=\"glsr-review-content\"><div class=\"glsr-tag-value\" data-expanded=\"false\"><p>J\u2019ai acheter le coffret Bonne nuit et j\u2019ai \u00e9t\u00e9 agr\u00e9ablement surpris de la qualit\u00e9 des produits. C\u2019est vraiment une exp\u00e9rience \u00e0 essayer, cela m\u2019a procurer un bien \u00eatre immense. J\u2019ai h\u00e2te d\u2019essayer celui hiver. Merci<\/p><\/div><\/div>\n    <div class=\"glsr-review-avatar\"><img decoding=\"async\" style=\"width:40px; height:40px;\" alt=\"Avatar for Sylvie Gilbert\" height=\"80\" loading=\"lazy\" src=\"https:\/\/lovavibe.com\/wp-content\/uploads\/site-reviews\/avatars\/SG.svg\" width=\"80\" \/><\/div>\n    <div class=\"glsr-review-author\"><span class=\"glsr-tag-value\">Sylvie Gilbert<\/span><\/div>  \n    \n<\/div>\n<div class=\"glsr-review\" data-id=\"6793\" data-type=\"local\" id=\"review-6793\" data-assigned='[]'>\n    <div class=\"glsr-review-title\"><h4 class=\"glsr-tag-value\">F\u00e9licitation<\/h4><\/div>\n    <div class=\"glsr-review-rating\"><div class=\"glsr-star-rating glsr-stars\" role=\"img\" aria-label=\"Rated 5 out of 5 stars\" data-rating=\"5\" data-reviews=\"0\"><span class=\"glsr-star glsr-star-full\" aria-hidden=\"true\"><\/span><span class=\"glsr-star glsr-star-full\" aria-hidden=\"true\"><\/span><span class=\"glsr-star glsr-star-full\" aria-hidden=\"true\"><\/span><span class=\"glsr-star glsr-star-full\" aria-hidden=\"true\"><\/span><span class=\"glsr-star glsr-star-full\" aria-hidden=\"true\"><\/span><\/div><\/div> <div class=\"glsr-review-date\"><span class=\"glsr-tag-value\">May 2, 2025<\/span><\/div>\n    \n    <div class=\"glsr-review-content\"><div class=\"glsr-tag-value\" data-expanded=\"false\"><p>Tr\u00e8s belle pr\u00e9sentation et ambiance ainsi que les produits de qualit\u00e9, tr\u00e8s beau cadeau \u00e0 se faire et \u00e0 donner,<\/p><\/div><\/div>\n    <div class=\"glsr-review-avatar\"><img decoding=\"async\" style=\"width:40px; height:40px;\" alt=\"Avatar for Liette Matte\" height=\"80\" loading=\"lazy\" src=\"https:\/\/lovavibe.com\/wp-content\/uploads\/site-reviews\/avatars\/LM.svg\" width=\"80\" \/><\/div>\n    <div class=\"glsr-review-author\"><span class=\"glsr-tag-value\">Liette Matte<\/span><\/div>  \n    \n<\/div>\n<div class=\"glsr-review\" data-id=\"6792\" data-type=\"local\" id=\"review-6792\" data-assigned='[]'>\n    <div class=\"glsr-review-title\"><h4 class=\"glsr-tag-value\">D&rsquo;excellents produits et une tr\u00e8s belle th\u00e9matique<\/h4><\/div>\n    <div class=\"glsr-review-rating\"><div class=\"glsr-star-rating glsr-stars\" role=\"img\" aria-label=\"Rated 5 out of 5 stars\" data-rating=\"5\" data-reviews=\"0\"><span class=\"glsr-star glsr-star-full\" aria-hidden=\"true\"><\/span><span class=\"glsr-star glsr-star-full\" aria-hidden=\"true\"><\/span><span class=\"glsr-star glsr-star-full\" aria-hidden=\"true\"><\/span><span class=\"glsr-star glsr-star-full\" aria-hidden=\"true\"><\/span><span class=\"glsr-star glsr-star-full\" aria-hidden=\"true\"><\/span><\/div><\/div> <div class=\"glsr-review-date\"><span class=\"glsr-tag-value\">May 2, 2025<\/span><\/div>\n    \n    <div class=\"glsr-review-content\"><div class=\"glsr-tag-value\" data-expanded=\"false\"><p class=\"glsr-hidden-text\" data-show-less=\"Show less\" data-show-more=\"Show more\" data-trigger=\"expand\">J&#8217;ai achet\u00e9 la boite th\u00e9matique hivernale comme cadeau de f\u00eate pour ma soeur. Quand je lui ai donn\u00e9, elle a ouvert la boite, vraiment tr\u00e8s belle en passant, devant moi et me disait comment les produits \u00e9taient de tr\u00e8s bonne qualit\u00e9. Elle a ador\u00e9 la tuque, les bas<span class=\"glsr-hidden\"> et la tasse, mais elle a aim\u00e9 tous les produits dans la boite.<\/span><\/p>\n<p class=\"glsr-hidden\">C&#8217;est un tr\u00e8s beau cadeau \u00e0 faire \u00e0 quelqu&#8217;un qu&#8217;on aime ou bien \u00e0 soi-m\u00eame.<\/p><\/div><\/div>\n    <div class=\"glsr-review-avatar\"><img decoding=\"async\" style=\"width:40px; height:40px;\" alt=\"Avatar for Maxim-Alexandre Lalancette\" height=\"80\" loading=\"lazy\" src=\"https:\/\/secure.gravatar.com\/avatar\/c91acc97209722f7bfe2db385689d02143cbb511b072726528bf3cc3a9656e3e?s=80&#038;d=404&#038;r=g\" width=\"80\" \/><\/div>\n    <div class=\"glsr-review-author\"><span class=\"glsr-tag-value\">Maxim-Alexandre Lalancette<\/span><\/div>  \n    \n<\/div>\n    <\/div>\n    \n<\/div><\/div><\/div><\/div>\n\n\n\n<div class=\"gb-element-5e7587d8\"><div class=\"items-justified-left wp-block-site-reviews-form\"><div class=\"glsr glsr-default\" id=\"glsr_cw8jkzal\" data-from=\"block\" data-shortcode=\"site_reviews_form\" data-hide=\"terms\"><div class=\"glsr-login-register\">\n    <p>You must be <a href=\"https:\/\/lovavibe.com\/en\/my-account\/?redirect_to=https%3A%2F%2Flovavibe.com%2Fen%2Favis%2F\">logged in<\/a> to submit a review.<\/p>\n<\/div><\/div><\/div><\/div>\n<\/div>","protected":false},"excerpt":{"rendered":"<p>Customer reviews<\/p>","protected":false},"author":1,"featured_media":0,"parent":0,"menu_order":0,"comment_status":"closed","ping_status":"closed","template":"","meta":{"_glsr_average":0,"_glsr_ranking":0,"_glsr_reviews":0,"footnotes":""},"class_list":["post-6613","page","type-page","status-publish"],"_links":{"self":[{"href":"https:\/\/lovavibe.com\/en\/wp-json\/wp\/v2\/pages\/6613","targetHints":{"allow":["GET"]}}],"collection":[{"href":"https:\/\/lovavibe.com\/en\/wp-json\/wp\/v2\/pages"}],"about":[{"href":"https:\/\/lovavibe.com\/en\/wp-json\/wp\/v2\/types\/page"}],"author":[{"embeddable":true,"href":"https:\/\/lovavibe.com\/en\/wp-json\/wp\/v2\/users\/1"}],"replies":[{"embeddable":true,"href":"https:\/\/lovavibe.com\/en\/wp-json\/wp\/v2\/comments?post=6613"}],"version-history":[{"count":13,"href":"https:\/\/lovavibe.com\/en\/wp-json\/wp\/v2\/pages\/6613\/revisions"}],"predecessor-version":[{"id":6751,"href":"https:\/\/lovavibe.com\/en\/wp-json\/wp\/v2\/pages\/6613\/revisions\/6751"}],"wp:attachment":[{"href":"https:\/\/lovavibe.com\/en\/wp-json\/wp\/v2\/media?parent=6613"}],"curies":[{"name":"wp","href":"https:\/\/api.w.org\/{rel}","templated":true}]}}