{"id":6771,"date":"2025-05-02T02:50:56","date_gmt":"2025-05-02T06:50:56","guid":{"rendered":"https:\/\/lovavibe.com\/?page_id=6771"},"modified":"2025-05-02T03:07:25","modified_gmt":"2025-05-02T07:07:25","slug":"retours-echanges","status":"publish","type":"page","link":"https:\/\/lovavibe.com\/en\/retours-echanges\/","title":{"rendered":"Returns\/exchange"},"content":{"rendered":"<div class=\"gb-element-5501be5b\">\n<div class=\"gb-element-e37c0602\">\n<p class=\"gb-text gb-text-c09751f8\">Returns and exchanges<\/p>\n<\/div>\n\n\n\n<div class=\"gb-element-f433370d\">\n<p class=\"gb-text\">Due to the customized nature of our gift boxes, <strong>no refunds or exchanges<\/strong> are possible. <br><br><strong>Damaged product?<\/strong><br><br>If an item is broken or damaged during shipping, <strong>reach out to us as soon as possible<\/strong>. We will do everything we can to resolve the situation quickly and to your satisfaction.<br><br><strong><a href=\"mailto:infos@lovavibe.com\">infos@lovavibe.com<\/a><\/strong><\/p>\n<\/div>\n<\/div>","protected":false},"excerpt":{"rendered":"<p>Retours et \u00e9changes En raison de la nature personnalis\u00e9e de nos bo\u00eetes cadeaux, aucun remboursement ni \u00e9change n\u2019est &#8230; <\/p>\n<p class=\"read-more-container\"><a title=\"Returns\/exchange\" class=\"read-more button\" href=\"https:\/\/lovavibe.com\/en\/retours-echanges\/#more-6771\" aria-label=\"Read more about Retours\/\u00e9changes\">Lire la suite<\/a><\/p>","protected":false},"author":1,"featured_media":0,"parent":0,"menu_order":0,"comment_status":"closed","ping_status":"closed","template":"","meta":{"_glsr_average":0,"_glsr_ranking":0,"_glsr_reviews":0,"footnotes":""},"class_list":["post-6771","page","type-page","status-publish"],"_links":{"self":[{"href":"https:\/\/lovavibe.com\/en\/wp-json\/wp\/v2\/pages\/6771","targetHints":{"allow":["GET"]}}],"collection":[{"href":"https:\/\/lovavibe.com\/en\/wp-json\/wp\/v2\/pages"}],"about":[{"href":"https:\/\/lovavibe.com\/en\/wp-json\/wp\/v2\/types\/page"}],"author":[{"embeddable":true,"href":"https:\/\/lovavibe.com\/en\/wp-json\/wp\/v2\/users\/1"}],"replies":[{"embeddable":true,"href":"https:\/\/lovavibe.com\/en\/wp-json\/wp\/v2\/comments?post=6771"}],"version-history":[{"count":12,"href":"https:\/\/lovavibe.com\/en\/wp-json\/wp\/v2\/pages\/6771\/revisions"}],"predecessor-version":[{"id":6789,"href":"https:\/\/lovavibe.com\/en\/wp-json\/wp\/v2\/pages\/6771\/revisions\/6789"}],"wp:attachment":[{"href":"https:\/\/lovavibe.com\/en\/wp-json\/wp\/v2\/media?parent=6771"}],"curies":[{"name":"wp","href":"https:\/\/api.w.org\/{rel}","templated":true}]}}