{"id":7128,"date":"2025-10-06T23:35:24","date_gmt":"2025-10-07T03:35:24","guid":{"rendered":"https:\/\/lovavibe.com\/?page_id=7128"},"modified":"2025-11-06T01:44:21","modified_gmt":"2025-11-06T05:44:21","slug":"spooky","status":"publish","type":"page","link":"https:\/\/lovavibe.com\/en\/spooky\/","title":{"rendered":"Spooky"},"content":{"rendered":"<div class=\"gb-element-024e0a02\">\n<div class=\"gb-element-5d3f8078\">\n<img loading=\"lazy\" decoding=\"async\" width=\"1296\" height=\"972\" class=\"gb-media-2c2d9c7b\" src=\"https:\/\/lovavibe.com\/wp-content\/uploads\/2025\/10\/automne-front-large-600-kb.png\" title=\"automne front large 600 kb\" alt=\"\" srcset=\"https:\/\/lovavibe.com\/wp-content\/uploads\/2025\/10\/automne-front-large-600-kb.png 1296w, https:\/\/lovavibe.com\/wp-content\/uploads\/2025\/10\/automne-front-large-600-kb-300x225.png 300w, https:\/\/lovavibe.com\/wp-content\/uploads\/2025\/10\/automne-front-large-600-kb-1024x768.png 1024w, https:\/\/lovavibe.com\/wp-content\/uploads\/2025\/10\/automne-front-large-600-kb-768x576.png 768w, https:\/\/lovavibe.com\/wp-content\/uploads\/2025\/10\/automne-front-large-600-kb-16x12.png 16w, https:\/\/lovavibe.com\/wp-content\/uploads\/2025\/10\/automne-front-large-600-kb-400x300.png 400w, https:\/\/lovavibe.com\/wp-content\/uploads\/2025\/10\/automne-front-large-600-kb-500x375.png 500w\" sizes=\"auto, (max-width: 1296px) 100vw, 1296px\" \/>\n<\/div>\n<\/div>\n\n\n\n<div class=\"gb-element-0559be48\">\n<div class=\"gbp-section__inner gb-element-7aed433d\">\n<div class=\"gb-element-199acda0\">\n<h2 class=\"gb-text gbp-section__headline gb-text-656f07d0\">The Spooky Box<\/h2>\n\n\n\n<p class=\"gb-text gbp-section__text gb-text-43537ed0\">This mystery box revives the magic of autumn evenings of the past, when the shadows of the flames served as a backdrop for horror stories shared among friends.<\/p>\n\n\n\n<div class=\"gb-element-f6479dda\"><div class=\"woocommerce\">\t\t\t<div class=\"single-product\" data-product-page-preselected-id=\"0\">\n\t\t\t\t<div class=\"woocommerce-notices-wrapper\"><\/div><div id=\"product-7159\" class=\"sales-flash-overlay woocommerce-text-align-center wc-related-upsell-columns-3 wc-related-upsell-tablet-columns-2 wc-related-upsell-mobile-columns-1 do-quantity-buttons product type-product post-7159 status-publish first instock product_cat-boites-thematiques has-post-thumbnail taxable shipping-taxable purchasable product-type-simple\">\n\n\t<div class=\"woocommerce-product-gallery woocommerce-product-gallery--with-images woocommerce-product-gallery--columns-4 images\" data-columns=\"4\" style=\"opacity: 0; transition: opacity .25s ease-in-out;\">\n\t<div class=\"woocommerce-product-gallery__wrapper\">\n\t\t<div data-thumb=\"https:\/\/lovavibe.com\/wp-content\/uploads\/2025\/10\/automne-front-600-kb-100x100.png\" data-thumb-alt=\"Spooky\" data-thumb-srcset=\"https:\/\/lovavibe.com\/wp-content\/uploads\/2025\/10\/automne-front-600-kb-100x100.png 100w, https:\/\/lovavibe.com\/wp-content\/uploads\/2025\/10\/automne-front-600-kb-150x150.png 150w\"  data-thumb-sizes=\"(max-width: 100px) 100vw, 100px\" class=\"woocommerce-product-gallery__image\"><a href=\"https:\/\/lovavibe.com\/wp-content\/uploads\/2025\/10\/automne-front-600-kb.png\"><img loading=\"lazy\" decoding=\"async\" width=\"500\" height=\"375\" src=\"https:\/\/lovavibe.com\/wp-content\/uploads\/2025\/10\/automne-front-600-kb-500x375.png\" class=\"wp-post-image\" alt=\"Spooky\" data-caption=\"\" data-src=\"https:\/\/lovavibe.com\/wp-content\/uploads\/2025\/10\/automne-front-600-kb.png\" data-large_image=\"https:\/\/lovavibe.com\/wp-content\/uploads\/2025\/10\/automne-front-600-kb.png\" data-large_image_width=\"1296\" data-large_image_height=\"972\" srcset=\"https:\/\/lovavibe.com\/wp-content\/uploads\/2025\/10\/automne-front-600-kb-500x375.png 500w, https:\/\/lovavibe.com\/wp-content\/uploads\/2025\/10\/automne-front-600-kb-300x225.png 300w, https:\/\/lovavibe.com\/wp-content\/uploads\/2025\/10\/automne-front-600-kb-1024x768.png 1024w, https:\/\/lovavibe.com\/wp-content\/uploads\/2025\/10\/automne-front-600-kb-768x576.png 768w, https:\/\/lovavibe.com\/wp-content\/uploads\/2025\/10\/automne-front-600-kb-16x12.png 16w, https:\/\/lovavibe.com\/wp-content\/uploads\/2025\/10\/automne-front-600-kb-400x300.png 400w, https:\/\/lovavibe.com\/wp-content\/uploads\/2025\/10\/automne-front-600-kb.png 1296w\" sizes=\"auto, (max-width: 500px) 100vw, 500px\" \/><\/a><\/div>\t<\/div>\n<\/div>\n\n\t<div class=\"summary entry-summary\">\n\t\t<h1 class=\"product_title entry-title\">Spooky<\/h1><p class=\"price\"><span class=\"woocommerce-Price-amount amount\"><bdi><span class=\"woocommerce-Price-currencySymbol\">&#36;<\/span>40.00<\/bdi><\/span><\/p>\n<div class=\"woocommerce-product-details__short-description\">\n\t<p>Cette bo\u00eete myst\u00e8re \u00e9t\u00e9 pens\u00e9e pour les amoureux des soir\u00e9es d\u2019automne o\u00f9 l\u2019on s\u2019emmitoufle et se laisse bercer par des histoires \u00e9tranges et envo\u00fbtantes. Chaque objet gliss\u00e9 \u00e0 l\u2019int\u00e9rieur \u00e9voque ce m\u00e9lange unique de r\u00e9confort et de myst\u00e8re&#8230; comme une veill\u00e9e d\u2019octobre o\u00f9 l\u2019air sent les feuilles mortes et o\u00f9 chaque ombre raconte une histoire que seuls les courageux osent \u00e9couter<\/p>\n<\/div>\n<p class=\"stock in-stock\" data-no-translation=\"\" data-trp-gettext=\"\">In stock<\/p>\n\n\t\n\t<form class=\"cart\" action=\"\" method=\"post\" enctype='multipart\/form-data' data-trp-original-action=\"\">\n\t\t\n\t\t<div class=\"quantity\">\n\t\t<label class=\"screen-reader-text\" for=\"quantity_69d2dadb59210\" data-no-translation=\"\" data-trp-gettext=\"\">Spooky quantity<\/label>\n\t<input\n\t\ttype=\"number\"\n\t\t\t\tid=\"quantity_69d2dadb59210\"\n\t\tclass=\"input-text qty text\"\n\t\tname=\"quantity\"\n\t\tvalue=\"1\"\n\t\taria-label=\"Product quantity\"\n\t\t\t\tmin=\"1\"\n\t\t\t\t\tmax=\"37\"\n\t\t\t\t\t\t\tstep=\"1\"\n\t\t\tplaceholder=\"\"\n\t\t\tinputmode=\"numeric\"\n\t\t\tautocomplete=\"off\" data-no-translation-aria-label=\"\"\n\t\t\t\/>\n\t<\/div>\n\n\t\t<button type=\"submit\" name=\"add-to-cart\" value=\"7159\" class=\"single_add_to_cart_button button alt\" data-no-translation=\"\" data-trp-gettext=\"\">Add to cart<\/button>\n\n\t\t\t<input type=\"hidden\" name=\"trp-form-language\" value=\"en\"\/><\/form>\n\n\t\t\t<div id=\"wc-stripe-express-checkout-element\" style=\"margin-top: 1em;clear:both;display:none;\">\n\t\t\t<!-- A Stripe Element will be inserted here. -->\n\t\t<\/div>\n\t\t<wc-order-attribution-inputs id=\"wc-stripe-express-checkout__order-attribution-inputs\"><\/wc-order-attribution-inputs>\n<div class=\"product_meta\">\n\n\t\n\t\n\t<span class=\"posted_in\">Category: <a href=\"https:\/\/lovavibe.com\/en\/product-category\/boites-thematiques\/\" rel=\"tag\">Themed Boxes<\/a><\/span>\n\t\n\t\n<\/div>\n\t<\/div>\n\n\t\n\t<div class=\"woocommerce-tabs wc-tabs-wrapper\">\n\t\t<ul class=\"tabs wc-tabs\" role=\"tablist\">\n\t\t\t\t\t\t\t<li role=\"presentation\" class=\"additional_information_tab\" id=\"tab-title-additional_information\">\n\t\t\t\t\t<a href=\"#tab-additional_information\" role=\"tab\" aria-controls=\"tab-additional_information\">\n\t\t\t\t\t\tAdditional information\t\t\t\t\t<\/a>\n\t\t\t\t<\/li>\n\t\t\t\t\t\t\t<li role=\"presentation\" class=\"reviews_tab\" id=\"tab-title-reviews\">\n\t\t\t\t\t<a href=\"#tab-reviews\" role=\"tab\" aria-controls=\"tab-reviews\">\n\t\t\t\t\t\tReviews (0)\t\t\t\t\t<\/a>\n\t\t\t\t<\/li>\n\t\t\t\t\t<\/ul>\n\t\t\t\t\t<div class=\"woocommerce-Tabs-panel woocommerce-Tabs-panel--additional_information panel entry-content wc-tab\" id=\"tab-additional_information\" role=\"tabpanel\" aria-labelledby=\"tab-title-additional_information\">\n\t\t\t\t\n\t<h2 data-no-translation=\"\" data-trp-gettext=\"\">Additional information<\/h2>\n\n<table class=\"woocommerce-product-attributes shop_attributes\" aria-label=\"Product Details\" data-no-translation-aria-label=\"\">\n\t\t\t<tr class=\"woocommerce-product-attributes-item woocommerce-product-attributes-item--weight\">\n\t\t\t<th class=\"woocommerce-product-attributes-item__label\" scope=\"row\" data-no-translation=\"\" data-trp-gettext=\"\">Weight<\/th>\n\t\t\t<td class=\"woocommerce-product-attributes-item__value\">0.9 kg<\/td>\n\t\t<\/tr>\n\t\t\t<tr class=\"woocommerce-product-attributes-item woocommerce-product-attributes-item--dimensions\">\n\t\t\t<th class=\"woocommerce-product-attributes-item__label\" scope=\"row\" data-no-translation=\"\" data-trp-gettext=\"\">Dimensions<\/th>\n\t\t\t<td class=\"woocommerce-product-attributes-item__value\">9.15 &times; 6.15 &times; 4.15 in<\/td>\n\t\t<\/tr>\n\t<\/table>\n\t\t\t<\/div>\n\t\t\t\t\t<div class=\"woocommerce-Tabs-panel woocommerce-Tabs-panel--reviews panel entry-content wc-tab\" id=\"tab-reviews\" role=\"tabpanel\" aria-labelledby=\"tab-title-reviews\">\n\t\t\t\t<div id=\"reviews\" class=\"woocommerce-Reviews\" data-integration=\"site-reviews\">\n    <div id=\"comments\">\n        <h2 class=\"woocommerce-Reviews-title\">\n        \u00c9valuations        <\/h2>\n        <div class=\"commentlist\">\n            <div class=\"shortcode-site-reviews-summary\"><div class=\"glsr glsr-default\" id=\"glsr_wkruwfym\" data-from=\"shortcode\" data-shortcode=\"site_reviews_summary\" data-assigned_posts=\"7159\" data-hide=\"rating\"><div class=\"glsr-summary-wrap\">\n    <div class=\"glsr-summary\">\n        \n        <div class=\"glsr-summary-stars\"><div class=\"glsr-star-rating glsr-stars\" role=\"img\" aria-label=\"Rated 0 out of 5 stars\" data-rating=\"0\" data-reviews=\"0\"><span class=\"glsr-star glsr-star-empty\" aria-hidden=\"true\"><\/span><span class=\"glsr-star glsr-star-empty\" aria-hidden=\"true\"><\/span><span class=\"glsr-star glsr-star-empty\" aria-hidden=\"true\"><\/span><span class=\"glsr-star glsr-star-empty\" aria-hidden=\"true\"><\/span><span class=\"glsr-star glsr-star-empty\" aria-hidden=\"true\"><\/span><\/div><\/div>\n        <div class=\"glsr-summary-text\"><span class=\"glsr-tag-value\">0 out of 5 stars (based on 0 reviews)<\/span><\/div>\n        <div class=\"glsr-summary-percentages\"><div class=\"glsr-summary-bar\" data-level=\"5\"><span class=\"glsr-summary-bar-label\">Excellent<\/span><span class=\"glsr-summary-bar-background\" style=\"--glsr-bar-percent:0%;\"><\/span><span class=\"glsr-summary-bar-percent\" data-percent=\"0%\" data-reviews=\"0\"><\/span><\/div><div class=\"glsr-summary-bar\" data-level=\"4\"><span class=\"glsr-summary-bar-label\">Very good<\/span><span class=\"glsr-summary-bar-background\" style=\"--glsr-bar-percent:0%;\"><\/span><span class=\"glsr-summary-bar-percent\" data-percent=\"0%\" data-reviews=\"0\"><\/span><\/div><div class=\"glsr-summary-bar\" data-level=\"3\"><span class=\"glsr-summary-bar-label\">Average<\/span><span class=\"glsr-summary-bar-background\" style=\"--glsr-bar-percent:0%;\"><\/span><span class=\"glsr-summary-bar-percent\" data-percent=\"0%\" data-reviews=\"0\"><\/span><\/div><div class=\"glsr-summary-bar\" data-level=\"2\"><span class=\"glsr-summary-bar-label\">Poor<\/span><span class=\"glsr-summary-bar-background\" style=\"--glsr-bar-percent:0%;\"><\/span><span class=\"glsr-summary-bar-percent\" data-percent=\"0%\" data-reviews=\"0\"><\/span><\/div><div class=\"glsr-summary-bar\" data-level=\"1\"><span class=\"glsr-summary-bar-label\">Terrible<\/span><span class=\"glsr-summary-bar-background\" style=\"--glsr-bar-percent:0%;\"><\/span><span class=\"glsr-summary-bar-percent\" data-percent=\"0%\" data-reviews=\"0\"><\/span><\/div><\/div>\n    <\/div>\n<\/div><\/div><\/div>            <br>\n            <div class=\"shortcode-site-reviews\"><div class=\"glsr glsr-default\" id=\"glsr_xeeooexa\" data-from=\"shortcode\" data-shortcode=\"site_reviews\" data-assigned_posts=\"7159\" data-hide=\"assigned_links,title\" data-pagination=\"ajax\" data-schema=\"1\"><div class=\"glsr-reviews-wrap\">\n    <div class=\"glsr-reviews\">\n        <p class=\"glsr-no-margins\">Soyez la premi\u00e8re ou le premier \u00e0 laisser un commentaire!<\/p>\n    <\/div>\n    \n<\/div><\/div><\/div>        <\/div>\n    <\/div>\n            <p class=\"woocommerce-verification-required\">\n            Only logged in customers who have purchased this product may leave a review.        <\/p>\n    <\/div>\t\t\t<\/div>\n\t\t\n\t\t\t<\/div>\n\n\n\t<section class=\"related products\">\n\n\t\t\t\t\t<h2 data-no-translation=\"\" data-trp-gettext=\"\">Related products<\/h2>\n\t\t\t\t<ul class=\"products columns-3\">\n\n\t\t\t\n\t\t\t\t\t<li class=\"sales-flash-overlay woocommerce-text-align-center wc-related-upsell-columns-3 wc-related-upsell-tablet-columns-2 wc-related-upsell-mobile-columns-1 do-quantity-buttons wc-has-gallery product type-product post-7081 status-publish first instock product_cat-boites-thematiques product_cat-ensorcelee has-post-thumbnail taxable shipping-taxable purchasable product-type-composite\">\n\t<a href=\"https:\/\/lovavibe.com\/en\/product\/la-boite-divination\/\" class=\"woocommerce-LoopProduct-link woocommerce-loop-product__link\"><img loading=\"lazy\" decoding=\"async\" width=\"400\" height=\"338\" src=\"https:\/\/lovavibe.com\/wp-content\/uploads\/2025\/04\/witch-seules-fermee-petite-e1753208168526-400x338.png\" class=\"secondary-image attachment-shop-catalog\" alt=\"\" srcset=\"https:\/\/lovavibe.com\/wp-content\/uploads\/2025\/04\/witch-seules-fermee-petite-e1753208168526-400x338.png 400w, https:\/\/lovavibe.com\/wp-content\/uploads\/2025\/04\/witch-seules-fermee-petite-e1753208168526-300x253.png 300w, https:\/\/lovavibe.com\/wp-content\/uploads\/2025\/04\/witch-seules-fermee-petite-e1753208168526-1024x864.png 1024w, https:\/\/lovavibe.com\/wp-content\/uploads\/2025\/04\/witch-seules-fermee-petite-e1753208168526-768x648.png 768w, https:\/\/lovavibe.com\/wp-content\/uploads\/2025\/04\/witch-seules-fermee-petite-e1753208168526-14x12.png 14w, https:\/\/lovavibe.com\/wp-content\/uploads\/2025\/04\/witch-seules-fermee-petite-e1753208168526-500x422.png 500w, https:\/\/lovavibe.com\/wp-content\/uploads\/2025\/04\/witch-seules-fermee-petite-e1753208168526.png 1467w\" sizes=\"auto, (max-width: 400px) 100vw, 400px\" \/><img loading=\"lazy\" decoding=\"async\" width=\"400\" height=\"338\" src=\"https:\/\/lovavibe.com\/wp-content\/uploads\/2025\/04\/witch-seules-fermee-petite-e1753208168526-400x338.png\" class=\"attachment-woocommerce_thumbnail size-woocommerce_thumbnail\" alt=\"La Bo\u00eete &lt;em&gt;Divination&lt;\/em&gt;\" srcset=\"https:\/\/lovavibe.com\/wp-content\/uploads\/2025\/04\/witch-seules-fermee-petite-e1753208168526-400x338.png 400w, https:\/\/lovavibe.com\/wp-content\/uploads\/2025\/04\/witch-seules-fermee-petite-e1753208168526-300x253.png 300w, https:\/\/lovavibe.com\/wp-content\/uploads\/2025\/04\/witch-seules-fermee-petite-e1753208168526-1024x864.png 1024w, https:\/\/lovavibe.com\/wp-content\/uploads\/2025\/04\/witch-seules-fermee-petite-e1753208168526-768x648.png 768w, https:\/\/lovavibe.com\/wp-content\/uploads\/2025\/04\/witch-seules-fermee-petite-e1753208168526-14x12.png 14w, https:\/\/lovavibe.com\/wp-content\/uploads\/2025\/04\/witch-seules-fermee-petite-e1753208168526-500x422.png 500w, https:\/\/lovavibe.com\/wp-content\/uploads\/2025\/04\/witch-seules-fermee-petite-e1753208168526.png 1467w\" sizes=\"auto, (max-width: 400px) 100vw, 400px\" \/><h2 class=\"woocommerce-loop-product__title\">The <em>Divination<\/em><\/h2>\n\t<span class=\"price\"><span class=\"woocommerce-Price-amount amount\"><bdi><span class=\"woocommerce-Price-currencySymbol\">&#36;<\/span>60.00<\/bdi><\/span><\/span>\n<\/a><a href=\"https:\/\/lovavibe.com\/en\/product\/la-boite-divination\/\" aria-describedby=\"woocommerce_loop_add_to_cart_link_describedby_7081\" data-quantity=\"1\" class=\"button product_type_composite add_to_cart_button\" data-product_id=\"7081\" data-product_sku=\"\" aria-label=\"Read more about \u201cLa Bo\u00eete Divination\u201d\" rel=\"nofollow\" data-no-translation-aria-label=\"\">Select options<\/a>\t<span id=\"woocommerce_loop_add_to_cart_link_describedby_7081\" class=\"screen-reader-text\">\n\t\t\t<\/span>\n<\/li>\n\n\t\t\t\n\t\t\t\t\t<li class=\"sales-flash-overlay woocommerce-text-align-center wc-related-upsell-columns-3 wc-related-upsell-tablet-columns-2 wc-related-upsell-mobile-columns-1 do-quantity-buttons wc-has-gallery product type-product post-4789 status-publish instock product_cat-boites-thematiques product_cat-ensorcelee has-post-thumbnail taxable shipping-taxable purchasable product-type-composite\">\n\t<a href=\"https:\/\/lovavibe.com\/en\/product\/ensorcelee\/\" class=\"woocommerce-LoopProduct-link woocommerce-loop-product__link\"><img loading=\"lazy\" decoding=\"async\" width=\"400\" height=\"317\" src=\"https:\/\/lovavibe.com\/wp-content\/uploads\/2025\/03\/witch-ouverte-vibe-400x317.jpg\" class=\"secondary-image attachment-shop-catalog\" alt=\"\" srcset=\"https:\/\/lovavibe.com\/wp-content\/uploads\/2025\/03\/witch-ouverte-vibe-400x317.jpg 400w, https:\/\/lovavibe.com\/wp-content\/uploads\/2025\/03\/witch-ouverte-vibe-500x397.jpg 500w, https:\/\/lovavibe.com\/wp-content\/uploads\/2025\/03\/witch-ouverte-vibe-300x238.jpg 300w, https:\/\/lovavibe.com\/wp-content\/uploads\/2025\/03\/witch-ouverte-vibe-768x609.jpg 768w, https:\/\/lovavibe.com\/wp-content\/uploads\/2025\/03\/witch-ouverte-vibe.jpg 871w\" sizes=\"auto, (max-width: 400px) 100vw, 400px\" \/><img loading=\"lazy\" decoding=\"async\" width=\"400\" height=\"298\" src=\"https:\/\/lovavibe.com\/wp-content\/uploads\/2025\/03\/boite-witch-produits-400x298.png\" class=\"attachment-woocommerce_thumbnail size-woocommerce_thumbnail\" alt=\"La Bo\u00eete &lt;em&gt;Sorcellerie&lt;\/em&gt;\" srcset=\"https:\/\/lovavibe.com\/wp-content\/uploads\/2025\/03\/boite-witch-produits-400x298.png 400w, https:\/\/lovavibe.com\/wp-content\/uploads\/2025\/03\/boite-witch-produits-300x223.png 300w, https:\/\/lovavibe.com\/wp-content\/uploads\/2025\/03\/boite-witch-produits-1024x762.png 1024w, https:\/\/lovavibe.com\/wp-content\/uploads\/2025\/03\/boite-witch-produits-768x572.png 768w, https:\/\/lovavibe.com\/wp-content\/uploads\/2025\/03\/boite-witch-produits-500x372.png 500w, https:\/\/lovavibe.com\/wp-content\/uploads\/2025\/03\/boite-witch-produits.png 1284w\" sizes=\"auto, (max-width: 400px) 100vw, 400px\" \/><h2 class=\"woocommerce-loop-product__title\">The <em>Witchy<\/em><\/h2>\n\t<span class=\"price\"><span class=\"woocommerce-Price-amount amount\"><bdi><span class=\"woocommerce-Price-currencySymbol\">&#36;<\/span>150.00<\/bdi><\/span><\/span>\n<\/a><a href=\"https:\/\/lovavibe.com\/en\/product\/ensorcelee\/\" aria-describedby=\"woocommerce_loop_add_to_cart_link_describedby_4789\" data-quantity=\"1\" class=\"button product_type_composite add_to_cart_button\" data-product_id=\"4789\" data-product_sku=\"\" aria-label=\"Read more about \u201cLa Bo\u00eete Sorcellerie\u201d\" rel=\"nofollow\" data-no-translation-aria-label=\"\">Select options<\/a>\t<span id=\"woocommerce_loop_add_to_cart_link_describedby_4789\" class=\"screen-reader-text\">\n\t\t\t<\/span>\n<\/li>\n\n\t\t\t\n\t\t\t\t\t<li class=\"sales-flash-overlay woocommerce-text-align-center wc-related-upsell-columns-3 wc-related-upsell-tablet-columns-2 wc-related-upsell-mobile-columns-1 do-quantity-buttons product type-product post-6906 status-publish last instock product_cat-boites-thematiques has-post-thumbnail taxable shipping-taxable purchasable product-type-composite\">\n\t<a href=\"https:\/\/lovavibe.com\/en\/product\/le-bouquet-floral\/\" class=\"woocommerce-LoopProduct-link woocommerce-loop-product__link\"><img loading=\"lazy\" decoding=\"async\" width=\"400\" height=\"300\" src=\"https:\/\/lovavibe.com\/wp-content\/uploads\/2025\/07\/bouquet-floral-petit-400x300.png\" class=\"attachment-woocommerce_thumbnail size-woocommerce_thumbnail\" alt=\"Send a Vibe - Le Bouquet Floral\" srcset=\"https:\/\/lovavibe.com\/wp-content\/uploads\/2025\/07\/bouquet-floral-petit-400x300.png 400w, https:\/\/lovavibe.com\/wp-content\/uploads\/2025\/07\/bouquet-floral-petit-300x225.png 300w, https:\/\/lovavibe.com\/wp-content\/uploads\/2025\/07\/bouquet-floral-petit-1024x768.png 1024w, https:\/\/lovavibe.com\/wp-content\/uploads\/2025\/07\/bouquet-floral-petit-768x576.png 768w, https:\/\/lovavibe.com\/wp-content\/uploads\/2025\/07\/bouquet-floral-petit-16x12.png 16w, https:\/\/lovavibe.com\/wp-content\/uploads\/2025\/07\/bouquet-floral-petit-500x375.png 500w, https:\/\/lovavibe.com\/wp-content\/uploads\/2025\/07\/bouquet-floral-petit.png 1296w\" sizes=\"auto, (max-width: 400px) 100vw, 400px\" \/><h2 class=\"woocommerce-loop-product__title\">Send a Vibe &#8211; Le Bouquet Floral<\/h2>\n\t<span class=\"price\"><span class=\"woocommerce-Price-amount amount\"><bdi><span class=\"woocommerce-Price-currencySymbol\">&#36;<\/span>75.00<\/bdi><\/span><\/span>\n<\/a><a href=\"https:\/\/lovavibe.com\/en\/product\/le-bouquet-floral\/\" aria-describedby=\"woocommerce_loop_add_to_cart_link_describedby_6906\" data-quantity=\"1\" class=\"button product_type_composite add_to_cart_button\" data-product_id=\"6906\" data-product_sku=\"\" aria-label=\"Read more about \u201cSend a Vibe - Le Bouquet Floral\u201d\" rel=\"nofollow\" data-no-translation-aria-label=\"\">Select options<\/a>\t<span id=\"woocommerce_loop_add_to_cart_link_describedby_6906\" class=\"screen-reader-text\">\n\t\t\t<\/span>\n<\/li>\n\n\t\t\t\n\t\t<\/ul>\n\n\t<\/section>\n\t<\/div>\n\n\t\t\t<\/div>\n\t\t\t<\/div>\n<\/div>\n<\/div>\n<\/div>\n<\/div>\n\n\n\n<div class=\"gb-element-21ecd4e8\">\n<div class=\"gb-element-82fdbcd2\">\n<div data-block-name=\"woocommerce\/single-product\" data-product-id=\"7159\" data-wp-context=\"{&quot;productId&quot;:7159,&quot;variationId&quot;:null}\" data-wp-interactive=\"woocommerce\/single-product\" class=\"wp-block-woocommerce-single-product woocommerce\"><div data-block-name=\"woocommerce\/product-price\" data-is-descendent-of-single-product-block=\"true\" data-style=\"{&quot;typography&quot;:{&quot;fontSize&quot;:&quot;35px&quot;}}\" data-text-align=\"center\" style=\"font-size: 35px; font-size:35px;\" class=\"has-text-align-center wp-block-woocommerce-product-price\" ><div class=\"wc-block-components-product-price wc-block-grid__product-price\" >\n\t\t\t\t\t<span class=\"woocommerce-Price-amount amount\"><bdi><span class=\"woocommerce-Price-currencySymbol\">&#36;<\/span>40.00<\/bdi><\/span>\n\t\t\t\t<\/div><\/div><\/div>\n<\/div>\n\n\n\n<div class=\"gb-element-4ab9097f\">\n<div class=\"gb-element-58390607\">\n<ul style=\"font-size:14px\" class=\"wp-block-list\">\n<li class=\"has-medium-font-size\">An assortment of secret products<br>to immerse yourself into a<br>cozy autumn vibe<\/li>\n\n\n\n<li class=\"has-medium-font-size\">Includes an original Lo.Va. product<\/li>\n<\/ul>\n<\/div>\n<\/div>\n\n\n\n<div class=\"gb-element-5e41b08a\">\n<p class=\"gb-text gb-text-1e4d11e5\">This mystery box was imagined for lovers of autumn evenings wrapped in blankets, when the world slows down and eerie stories drift through the air. Each item inside captures that delicate balance of comfort and mystery, like a quiet October night where the the air smells of fallen leaves and every shadow whispers a spooky story.<\/p>\n<\/div>\n\n\n\n<div class=\"gb-element-d6e10751\">\n<div class=\"gb-element-1ca78497\">\n<div class=\"wp-block-group is-layout-grid wp-container-core-group-is-layout-8d2db683 wp-block-group-is-layout-grid\">\n<a href=\"https:\/\/lovavibe.com\/wp-content\/uploads\/2025\/03\/Feet-butter.jpg\" target=\"_blank\" rel=\"noopener\"><img loading=\"lazy\" decoding=\"async\" width=\"1296\" height=\"972\" class=\"gb-media-48db125e\" src=\"https:\/\/lovavibe.com\/wp-content\/uploads\/2025\/10\/automne-gros-plan-700-kb.png\" title=\"automne gros plan 700 kb\" alt=\"\" srcset=\"https:\/\/lovavibe.com\/wp-content\/uploads\/2025\/10\/automne-gros-plan-700-kb.png 1296w, https:\/\/lovavibe.com\/wp-content\/uploads\/2025\/10\/automne-gros-plan-700-kb-300x225.png 300w, https:\/\/lovavibe.com\/wp-content\/uploads\/2025\/10\/automne-gros-plan-700-kb-1024x768.png 1024w, https:\/\/lovavibe.com\/wp-content\/uploads\/2025\/10\/automne-gros-plan-700-kb-768x576.png 768w, https:\/\/lovavibe.com\/wp-content\/uploads\/2025\/10\/automne-gros-plan-700-kb-16x12.png 16w, https:\/\/lovavibe.com\/wp-content\/uploads\/2025\/10\/automne-gros-plan-700-kb-400x300.png 400w, https:\/\/lovavibe.com\/wp-content\/uploads\/2025\/10\/automne-gros-plan-700-kb-500x375.png 500w\" sizes=\"auto, (max-width: 1296px) 100vw, 1296px\" \/><\/a>\n<\/div>\n<\/div>\n\n\n\n<div class=\"gb-element-527c3d62 hide-on-desktop hide-on-mobile\">\n<p class=\"gb-text gb-text-5cf04c3f\">At <strong>Lo.Va.<\/strong>, we are dedicated to offering you a selection of carefully chosen products from small businesses. Occasionally, some items may be out of stock. In such cases, they will be replaced with a similar product of equal quality and value. Thank you for your understanding and for supporting small businesses.<\/p>\n<\/div>\n<\/div>\n\n\n\n<div class=\"gb-element-60b21f56\">\n<div class=\"gb-element-f67542ff hide-on-tablet\">\n<p class=\"gb-text gb-text-70907250\">At <strong>Lo.Va.<\/strong>, we are dedicated to offering you a selection of carefully chosen products from small businesses. Occasionally, some items may be out of stock. In such cases, they will be replaced with a similar product of equal quality and value. Thank you for your understanding and for supporting small businesses.<\/p>\n<\/div>\n<\/div>\n<\/div>","protected":false},"excerpt":{"rendered":"<p>La Bo\u00eete Spooky Cette bo\u00eete myst\u00e8re fait rena\u00eetre la magie des veill\u00e9es automnales d\u2019autrefois, quand l\u2019ombre des flammes &#8230; <\/p>\n<p class=\"read-more-container\"><a title=\"Spooky\" class=\"read-more button\" href=\"https:\/\/lovavibe.com\/en\/product\/spooky\/#more-7159\" aria-label=\"Read more about Spooky\">Lire la suite<\/a><\/p>","protected":false},"author":1,"featured_media":0,"parent":0,"menu_order":0,"comment_status":"closed","ping_status":"closed","template":"","meta":{"_glsr_average":0,"_glsr_ranking":0,"_glsr_reviews":0,"footnotes":""},"class_list":["post-7128","page","type-page","status-publish","hentry","sales-flash-overlay","woocommerce-text-align-center","woocommerce-image-align-center","do-quantity-buttons"],"_links":{"self":[{"href":"https:\/\/lovavibe.com\/en\/wp-json\/wp\/v2\/pages\/7128","targetHints":{"allow":["GET"]}}],"collection":[{"href":"https:\/\/lovavibe.com\/en\/wp-json\/wp\/v2\/pages"}],"about":[{"href":"https:\/\/lovavibe.com\/en\/wp-json\/wp\/v2\/types\/page"}],"author":[{"embeddable":true,"href":"https:\/\/lovavibe.com\/en\/wp-json\/wp\/v2\/users\/1"}],"replies":[{"embeddable":true,"href":"https:\/\/lovavibe.com\/en\/wp-json\/wp\/v2\/comments?post=7128"}],"version-history":[{"count":101,"href":"https:\/\/lovavibe.com\/en\/wp-json\/wp\/v2\/pages\/7128\/revisions"}],"predecessor-version":[{"id":7436,"href":"https:\/\/lovavibe.com\/en\/wp-json\/wp\/v2\/pages\/7128\/revisions\/7436"}],"wp:attachment":[{"href":"https:\/\/lovavibe.com\/en\/wp-json\/wp\/v2\/media?parent=7128"}],"curies":[{"name":"wp","href":"https:\/\/api.w.org\/{rel}","templated":true}]}}