{"id":7242,"date":"2025-10-06T23:56:00","date_gmt":"2025-10-07T03:56:00","guid":{"rendered":"https:\/\/lovavibe.com\/?page_id=7242"},"modified":"2026-01-21T00:25:14","modified_gmt":"2026-01-21T04:25:14","slug":"boites-thematiques","status":"publish","type":"page","link":"https:\/\/lovavibe.com\/en\/boites-thematiques\/","title":{"rendered":"Vibe Boxes"},"content":{"rendered":"<div>\n<div class=\"gbp-section gb-element-ea196b6a\">\n<div class=\"gb-element-4f7199bf\">\n<h2 class=\"gb-text gbp-section__headline gb-text-0662ffcb\">Discover our themed gift boxes!<\/h2>\n<\/div>\n\n\n\n<div class=\"gbp-section__inner gb-element-9668896a\">\n<div class=\"gb-element-a058386b\">\n<a href=\"https:\/\/lovavibe.com\/en\/boites-classiques\/\"><img loading=\"lazy\" decoding=\"async\" width=\"1284\" height=\"962\" class=\"gb-media-cabd3e78\" src=\"https:\/\/lovavibe.com\/wp-content\/uploads\/2026\/01\/Montage-boites-classiques.png\" title=\"Montage boites classiques\" alt=\"\" srcset=\"https:\/\/lovavibe.com\/wp-content\/uploads\/2026\/01\/Montage-boites-classiques.png 1284w, https:\/\/lovavibe.com\/wp-content\/uploads\/2026\/01\/Montage-boites-classiques-300x225.png 300w, https:\/\/lovavibe.com\/wp-content\/uploads\/2026\/01\/Montage-boites-classiques-1024x767.png 1024w, https:\/\/lovavibe.com\/wp-content\/uploads\/2026\/01\/Montage-boites-classiques-768x575.png 768w, https:\/\/lovavibe.com\/wp-content\/uploads\/2026\/01\/Montage-boites-classiques-16x12.png 16w, https:\/\/lovavibe.com\/wp-content\/uploads\/2026\/01\/Montage-boites-classiques-400x300.png 400w, https:\/\/lovavibe.com\/wp-content\/uploads\/2026\/01\/Montage-boites-classiques-500x375.png 500w\" sizes=\"auto, (max-width: 1284px) 100vw, 1284px\" \/><\/a>\n\n\n\n<p class=\"gb-text gbp-section__tagline\">Customizable gifts<\/p>\n\n\n\n<h3 class=\"gb-text gbp-section__headline gb-text-49dcf3cf\"><a href=\"https:\/\/lovavibe.com\/en\/boites-classiques\/\" data-type=\"page\" data-id=\"5461\">Classic Boxes<\/a><\/h3>\n\n\n\n<p class=\"gb-text gbp-section__text gb-text-52bed699\">Our original themes in boxes with customizable content.<\/p>\n<\/div>\n\n\n\n<div class=\"gb-element-fd140d75\">\n<hr class=\"wp-block-separator has-text-color has-bouttons-color has-alpha-channel-opacity has-bouttons-background-color has-background is-style-wide\"\/>\n<\/div>\n\n\n\n<div>\n<a href=\"https:\/\/lovavibe.com\/en\/boites-mystere\/\"><img loading=\"lazy\" decoding=\"async\" width=\"1296\" height=\"972\" class=\"gb-media-b5074512\" src=\"https:\/\/lovavibe.com\/wp-content\/uploads\/2025\/12\/automne-front-desature-600-kb.png\" title=\"automne front desature 600 kb\" alt=\"\" srcset=\"https:\/\/lovavibe.com\/wp-content\/uploads\/2025\/12\/automne-front-desature-600-kb.png 1296w, https:\/\/lovavibe.com\/wp-content\/uploads\/2025\/12\/automne-front-desature-600-kb-300x225.png 300w, https:\/\/lovavibe.com\/wp-content\/uploads\/2025\/12\/automne-front-desature-600-kb-1024x768.png 1024w, https:\/\/lovavibe.com\/wp-content\/uploads\/2025\/12\/automne-front-desature-600-kb-768x576.png 768w, https:\/\/lovavibe.com\/wp-content\/uploads\/2025\/12\/automne-front-desature-600-kb-16x12.png 16w, https:\/\/lovavibe.com\/wp-content\/uploads\/2025\/12\/automne-front-desature-600-kb-400x300.png 400w, https:\/\/lovavibe.com\/wp-content\/uploads\/2025\/12\/automne-front-desature-600-kb-500x375.png 500w\" sizes=\"auto, (max-width: 1296px) 100vw, 1296px\" \/><\/a>\n\n\n\n<p class=\"gb-text gbp-section__tagline gb-text-c34b8783\">New!<\/p>\n\n\n\n<h3 class=\"gb-text gbp-section__headline gb-text-bb824752\"><a href=\"https:\/\/lovavibe.com\/en\/boites-mystere\/\" data-type=\"page\" data-id=\"7244\">Mystery Boxes<\/a><\/h3>\n\n\n\n<p class=\"gb-text gbp-section__text gb-text-7a650593\">Out-of-the-box themes. Secret content. Pure surprise.<\/p>\n<\/div>\n<\/div>\n\n\n\n<div class=\"gb-element-600f30bf\">\n<hr class=\"wp-block-separator has-text-color has-bouttons-color has-alpha-channel-opacity has-bouttons-background-color has-background is-style-wide\"\/>\n<\/div>\n\n\n\n<div class=\"gb-element-a6a0aed9\"><\/div>\n<\/div>\n<\/div>","protected":false},"excerpt":{"rendered":"<p>D\u00e9couvrez nos bo\u00eetes cadeaux th\u00e9matiques! Cadeaux personnalisables Bo\u00eetes Classiques Nos th\u00e9matiques originales dans des bo\u00eetes au contenu personnalisable. &#8230; <\/p>\n<p class=\"read-more-container\"><a title=\"Vibe Boxes\" class=\"read-more button\" href=\"https:\/\/lovavibe.com\/en\/boites-thematiques\/#more-7242\" aria-label=\"Read more about Bo\u00eetes th\u00e9matiques\">Lire la suite<\/a><\/p>","protected":false},"author":1,"featured_media":0,"parent":0,"menu_order":0,"comment_status":"closed","ping_status":"closed","template":"","meta":{"_glsr_average":0,"_glsr_ranking":0,"_glsr_reviews":0,"footnotes":""},"class_list":["post-7242","page","type-page","status-publish"],"_links":{"self":[{"href":"https:\/\/lovavibe.com\/en\/wp-json\/wp\/v2\/pages\/7242","targetHints":{"allow":["GET"]}}],"collection":[{"href":"https:\/\/lovavibe.com\/en\/wp-json\/wp\/v2\/pages"}],"about":[{"href":"https:\/\/lovavibe.com\/en\/wp-json\/wp\/v2\/types\/page"}],"author":[{"embeddable":true,"href":"https:\/\/lovavibe.com\/en\/wp-json\/wp\/v2\/users\/1"}],"replies":[{"embeddable":true,"href":"https:\/\/lovavibe.com\/en\/wp-json\/wp\/v2\/comments?post=7242"}],"version-history":[{"count":14,"href":"https:\/\/lovavibe.com\/en\/wp-json\/wp\/v2\/pages\/7242\/revisions"}],"predecessor-version":[{"id":7668,"href":"https:\/\/lovavibe.com\/en\/wp-json\/wp\/v2\/pages\/7242\/revisions\/7668"}],"wp:attachment":[{"href":"https:\/\/lovavibe.com\/en\/wp-json\/wp\/v2\/media?parent=7242"}],"curies":[{"name":"wp","href":"https:\/\/api.w.org\/{rel}","templated":true}]}}