{"id":7244,"date":"2025-10-06T23:55:27","date_gmt":"2025-10-07T03:55:27","guid":{"rendered":"https:\/\/lovavibe.com\/?page_id=7244"},"modified":"2025-12-13T22:50:31","modified_gmt":"2025-12-14T02:50:31","slug":"boites-mystere","status":"publish","type":"page","link":"https:\/\/lovavibe.com\/en\/boites-mystere\/","title":{"rendered":"Mystery Boxes"},"content":{"rendered":"<div class=\"gbp-section gb-element-ea196b6a\">\n<div class=\"gb-element-a6a0aed9\">\n<h2 class=\"gb-text gbp-section__headline gb-text-0662ffcb\">Mystery Gift Boxes<\/h2>\n\n\n\n<p class=\"gb-text gbp-section__text\">Step into the thrill of mystery! Here the adventure begins before you even lift the lid. <\/p>\n\n\n\n<p class=\"gb-text\">Each mystery box is filled with surprise products that reflect the signature quality and style of <em>Send a Vibe<\/em>. The ideal gift to wow someone special or enjoy an exclusive mystery selection for yourself.<br><br><strong>Expect the unexpected!<\/strong><\/p>\n<\/div>\n\n\n\n<div class=\"gbp-section__inner gb-element-9668896a\">\n<div>\n<div>\n<a href=\"https:\/\/lovavibe.com\/en\/spooky\/\"><img loading=\"lazy\" decoding=\"async\" width=\"1296\" height=\"972\" class=\"gb-media-b5074512\" src=\"https:\/\/lovavibe.com\/wp-content\/uploads\/2025\/12\/automne-front-desature-600-kb.png\" title=\"automne front desature 600 kb\" alt=\"\" srcset=\"https:\/\/lovavibe.com\/wp-content\/uploads\/2025\/12\/automne-front-desature-600-kb.png 1296w, https:\/\/lovavibe.com\/wp-content\/uploads\/2025\/12\/automne-front-desature-600-kb-300x225.png 300w, https:\/\/lovavibe.com\/wp-content\/uploads\/2025\/12\/automne-front-desature-600-kb-1024x768.png 1024w, https:\/\/lovavibe.com\/wp-content\/uploads\/2025\/12\/automne-front-desature-600-kb-768x576.png 768w, https:\/\/lovavibe.com\/wp-content\/uploads\/2025\/12\/automne-front-desature-600-kb-16x12.png 16w, https:\/\/lovavibe.com\/wp-content\/uploads\/2025\/12\/automne-front-desature-600-kb-400x300.png 400w, https:\/\/lovavibe.com\/wp-content\/uploads\/2025\/12\/automne-front-desature-600-kb-500x375.png 500w\" sizes=\"auto, (max-width: 1296px) 100vw, 1296px\" \/><\/a>\n<\/div>\n\n\n\n<p class=\"gb-text gbp-section__tagline\"><em>New!<\/em><\/p>\n\n\n\n<h3 class=\"gb-text gbp-section__headline gb-text-bb824752\"><a href=\"https:\/\/lovavibe.com\/en\/spooky\/\" data-type=\"page\" data-id=\"7128\">Spooky<\/a><\/h3>\n\n\n\n<p class=\"gb-text gbp-section__text\">A beautifully designed gift box that captures the soul of autumnal coziness and the nostalgic joy of spending evenings with friends exchanging<strong> <\/strong>ghost stories.<\/p>\n<\/div>\n\n\n\n<div>\n<div>\n<a href=\"https:\/\/lovavibe.com\/en\/florale\/\"><img loading=\"lazy\" decoding=\"async\" width=\"1296\" height=\"972\" class=\"gb-media-c3cdb2f2\" src=\"https:\/\/lovavibe.com\/wp-content\/uploads\/2025\/10\/boite-placeholder.png\" title=\"boite placeholder\" alt=\"\" srcset=\"https:\/\/lovavibe.com\/wp-content\/uploads\/2025\/10\/boite-placeholder.png 1296w, https:\/\/lovavibe.com\/wp-content\/uploads\/2025\/10\/boite-placeholder-300x225.png 300w, https:\/\/lovavibe.com\/wp-content\/uploads\/2025\/10\/boite-placeholder-1024x768.png 1024w, https:\/\/lovavibe.com\/wp-content\/uploads\/2025\/10\/boite-placeholder-768x576.png 768w, https:\/\/lovavibe.com\/wp-content\/uploads\/2025\/10\/boite-placeholder-16x12.png 16w, https:\/\/lovavibe.com\/wp-content\/uploads\/2025\/10\/boite-placeholder-400x300.png 400w, https:\/\/lovavibe.com\/wp-content\/uploads\/2025\/10\/boite-placeholder-500x375.png 500w\" sizes=\"auto, (max-width: 1296px) 100vw, 1296px\" \/><\/a>\n<\/div>\n\n\n\n<p class=\"gb-text gbp-section__tagline\"><em>Currently being crafted<\/em><\/p>\n\n\n\n<h3 class=\"gb-text gbp-section__headline\">?<\/h3>\n\n\n\n<p class=\"gb-text gbp-section__text\"><\/p>\n<\/div>\n\n\n\n<div>\n<div>\n<a href=\"https:\/\/lovavibe.com\/en\/florale\/\"><img loading=\"lazy\" decoding=\"async\" width=\"1296\" height=\"972\" class=\"gb-media-f7d5d54b\" src=\"https:\/\/lovavibe.com\/wp-content\/uploads\/2025\/10\/boite-placeholder.png\" title=\"boite placeholder\" alt=\"\" srcset=\"https:\/\/lovavibe.com\/wp-content\/uploads\/2025\/10\/boite-placeholder.png 1296w, https:\/\/lovavibe.com\/wp-content\/uploads\/2025\/10\/boite-placeholder-300x225.png 300w, https:\/\/lovavibe.com\/wp-content\/uploads\/2025\/10\/boite-placeholder-1024x768.png 1024w, https:\/\/lovavibe.com\/wp-content\/uploads\/2025\/10\/boite-placeholder-768x576.png 768w, https:\/\/lovavibe.com\/wp-content\/uploads\/2025\/10\/boite-placeholder-16x12.png 16w, https:\/\/lovavibe.com\/wp-content\/uploads\/2025\/10\/boite-placeholder-400x300.png 400w, https:\/\/lovavibe.com\/wp-content\/uploads\/2025\/10\/boite-placeholder-500x375.png 500w\" sizes=\"auto, (max-width: 1296px) 100vw, 1296px\" \/><\/a>\n<\/div>\n\n\n\n<p class=\"gb-text gbp-section__tagline\">Currently being crafted<\/p>\n\n\n\n<h3 class=\"gb-text gbp-section__headline\">?<\/h3>\n\n\n\n<p class=\"gb-text gbp-section__text\"><\/p>\n<\/div>\n<\/div>\n<\/div>","protected":false},"excerpt":{"rendered":"<p>Nos Bo\u00eetes Cadeaux Myst\u00e8re Pr\u00e9parez-vous \u00e0 l&rsquo;excitation de l&rsquo;inconnu ! Dans cette cat\u00e9gorie, l&rsquo;aventure commence avant m\u00eame d&rsquo;ouvrir &#8230; <\/p>\n<p class=\"read-more-container\"><a title=\"Mystery Boxes\" class=\"read-more button\" href=\"https:\/\/lovavibe.com\/en\/boites-mystere\/#more-7244\" aria-label=\"Read more about Bo\u00eetes Myst\u00e8re\">Lire la suite<\/a><\/p>","protected":false},"author":1,"featured_media":0,"parent":0,"menu_order":0,"comment_status":"closed","ping_status":"closed","template":"","meta":{"_glsr_average":0,"_glsr_ranking":0,"_glsr_reviews":0,"footnotes":""},"class_list":["post-7244","page","type-page","status-publish"],"_links":{"self":[{"href":"https:\/\/lovavibe.com\/en\/wp-json\/wp\/v2\/pages\/7244","targetHints":{"allow":["GET"]}}],"collection":[{"href":"https:\/\/lovavibe.com\/en\/wp-json\/wp\/v2\/pages"}],"about":[{"href":"https:\/\/lovavibe.com\/en\/wp-json\/wp\/v2\/types\/page"}],"author":[{"embeddable":true,"href":"https:\/\/lovavibe.com\/en\/wp-json\/wp\/v2\/users\/1"}],"replies":[{"embeddable":true,"href":"https:\/\/lovavibe.com\/en\/wp-json\/wp\/v2\/comments?post=7244"}],"version-history":[{"count":15,"href":"https:\/\/lovavibe.com\/en\/wp-json\/wp\/v2\/pages\/7244\/revisions"}],"predecessor-version":[{"id":7526,"href":"https:\/\/lovavibe.com\/en\/wp-json\/wp\/v2\/pages\/7244\/revisions\/7526"}],"wp:attachment":[{"href":"https:\/\/lovavibe.com\/en\/wp-json\/wp\/v2\/media?parent=7244"}],"curies":[{"name":"wp","href":"https:\/\/api.w.org\/{rel}","templated":true}]}}