{"id":7807,"date":"2026-04-21T22:29:44","date_gmt":"2026-04-22T02:29:44","guid":{"rendered":"https:\/\/lovavibe.com\/?page_id=7807"},"modified":"2026-04-22T00:36:52","modified_gmt":"2026-04-22T04:36:52","slug":"editions-limitees","status":"publish","type":"page","link":"https:\/\/lovavibe.com\/en\/editions-limitees\/","title":{"rendered":"Limited Editions"},"content":{"rendered":"<div class=\"gbp-section gb-element-ea196b6a\">\n<div class=\"gb-element-a6a0aed9\">\n<h2 class=\"gb-text gbp-section__headline gb-text-0662ffcb\">Limited Edition Boxes<\/h2>\n\n\n\n<p class=\"gb-text gbp-section__text\">Perfectly crafted for the occasion.<\/p>\n<\/div>\n\n\n\n<div class=\"gbp-section__inner gb-element-9668896a\">\n<div class=\"gb-element-f9f8da71\">\n<a href=\"https:\/\/lovavibe.com\/en\/boite-fleurie-edition-limitee-fete-des-meres\/\"><img loading=\"lazy\" decoding=\"async\" width=\"1296\" height=\"972\" class=\"gb-media-b5074512\" src=\"https:\/\/lovavibe.com\/wp-content\/uploads\/2026\/04\/fete-des-meres-boite-et-produits-2-petit.png\" title=\"fete des meres boite et produits 2 - petit\" alt=\"\" srcset=\"https:\/\/lovavibe.com\/wp-content\/uploads\/2026\/04\/fete-des-meres-boite-et-produits-2-petit.png 1296w, https:\/\/lovavibe.com\/wp-content\/uploads\/2026\/04\/fete-des-meres-boite-et-produits-2-petit-300x225.png 300w, https:\/\/lovavibe.com\/wp-content\/uploads\/2026\/04\/fete-des-meres-boite-et-produits-2-petit-1024x768.png 1024w, https:\/\/lovavibe.com\/wp-content\/uploads\/2026\/04\/fete-des-meres-boite-et-produits-2-petit-768x576.png 768w, https:\/\/lovavibe.com\/wp-content\/uploads\/2026\/04\/fete-des-meres-boite-et-produits-2-petit-16x12.png 16w, https:\/\/lovavibe.com\/wp-content\/uploads\/2026\/04\/fete-des-meres-boite-et-produits-2-petit-400x300.png 400w, https:\/\/lovavibe.com\/wp-content\/uploads\/2026\/04\/fete-des-meres-boite-et-produits-2-petit-500x375.png 500w\" sizes=\"auto, (max-width: 1296px) 100vw, 1296px\" \/><\/a>\n\n\n\n<p class=\"gb-text gbp-section__tagline\"><em>A well\u2011deserved gift!<\/em><\/p>\n\n\n\n<h3 class=\"gb-text gbp-section__headline\"><a href=\"https:\/\/lovavibe.com\/en\/boite-fleurie-edition-limitee-fete-des-meres\/\" data-type=\"page\" data-id=\"7785\">Mother's Day<\/a><\/h3>\n\n\n\n<p class=\"gb-text gbp-section__text\">A special edition of our Floral Box, thoughtfully refreshed for Mother\u2019s Day.<\/p>\n<\/div>\n<\/div>\n<\/div>","protected":false},"excerpt":{"rendered":"<p>Nos \u00c9ditions Limit\u00e9es Parfaitement pens\u00e9es pour l&rsquo;occasion. Un cadeau bien m\u00e9rit\u00e9! F\u00eate des M\u00e8res Une \u00e9dition sp\u00e9ciale de &#8230; <\/p>\n<p class=\"read-more-container\"><a title=\"Limited Editions\" class=\"read-more button\" href=\"https:\/\/lovavibe.com\/en\/editions-limitees\/#more-7807\" aria-label=\"Read more about \u00c9ditions Limit\u00e9es\">Lire la suite<\/a><\/p>","protected":false},"author":1,"featured_media":0,"parent":0,"menu_order":0,"comment_status":"closed","ping_status":"closed","template":"","meta":{"_glsr_average":0,"_glsr_ranking":0,"_glsr_reviews":0,"footnotes":""},"class_list":["post-7807","page","type-page","status-publish"],"_links":{"self":[{"href":"https:\/\/lovavibe.com\/en\/wp-json\/wp\/v2\/pages\/7807","targetHints":{"allow":["GET"]}}],"collection":[{"href":"https:\/\/lovavibe.com\/en\/wp-json\/wp\/v2\/pages"}],"about":[{"href":"https:\/\/lovavibe.com\/en\/wp-json\/wp\/v2\/types\/page"}],"author":[{"embeddable":true,"href":"https:\/\/lovavibe.com\/en\/wp-json\/wp\/v2\/users\/1"}],"replies":[{"embeddable":true,"href":"https:\/\/lovavibe.com\/en\/wp-json\/wp\/v2\/comments?post=7807"}],"version-history":[{"count":14,"href":"https:\/\/lovavibe.com\/en\/wp-json\/wp\/v2\/pages\/7807\/revisions"}],"predecessor-version":[{"id":7845,"href":"https:\/\/lovavibe.com\/en\/wp-json\/wp\/v2\/pages\/7807\/revisions\/7845"}],"wp:attachment":[{"href":"https:\/\/lovavibe.com\/en\/wp-json\/wp\/v2\/media?parent=7807"}],"curies":[{"name":"wp","href":"https:\/\/api.w.org\/{rel}","templated":true}]}}