{"id":4789,"date":"2025-03-22T06:09:57","date_gmt":"2025-03-22T06:09:57","guid":{"rendered":"https:\/\/lovavibe.com\/?post_type=product&#038;p=4789"},"modified":"2026-02-07T11:25:53","modified_gmt":"2026-02-07T15:25:53","slug":"ensorcelee","status":"publish","type":"product","link":"https:\/\/lovavibe.com\/en\/product\/ensorcelee\/","title":{"rendered":"The <em>Witchy<\/em>"},"content":{"rendered":"<p>La bo\u00eete id\u00e9ale autant pour les sorci\u00e8res exp\u00e9riment\u00e9es que pour les personnes qui aiment simplement l&rsquo;aspect de la d\u00e9coration magique, appr\u00e9cient l&rsquo;ambiance que celle-ci cr\u00e9e ou qui souhaitent ajouter une touche mystique \u00e0 leur vie!<\/p>\n<p>1 Bo\u00eete Sorcellerie<\/p>\n<p>&#8211; Potion de soric\u00e8re (pot-pourri)<br \/>\n&#8211; Chandelle <em>- Witching Hour<\/em><br \/>\n&#8211; Chandelles de couleurs pour rituels<br \/>\n&#8211; Tasse<br \/>\n&#8211; Journal<br \/>\n&#8211; Bombe de bain parfum\u00e9e avec cristal<br \/>\n&#8211; Pendentif avec cristal<br \/>\n&#8211; Pendule avec cristal<\/p>","protected":false},"excerpt":{"rendered":"<p>The ideal box for both experienced witches and people who simply want to add a touch of magic to their lives!<\/p>","protected":false},"featured_media":6238,"comment_status":"open","ping_status":"closed","template":"","meta":{"_glsr_average":0,"_glsr_ranking":0,"_glsr_reviews":0},"product_brand":[],"product_cat":[25,27],"product_tag":[],"class_list":{"0":"post-4789","1":"product","2":"type-product","3":"status-publish","4":"has-post-thumbnail","6":"product_cat-boites-thematiques","7":"product_cat-ensorcelee","8":"product_shipping_class-boite-standard","9":"sales-flash-overlay","10":"woocommerce-text-align-center","11":"woocommerce-image-align-center","12":"do-quantity-buttons","13":"wc-has-gallery","15":"first","16":"instock","17":"taxable","18":"shipping-taxable","19":"purchasable","20":"product-type-composite"},"_links":{"self":[{"href":"https:\/\/lovavibe.com\/en\/wp-json\/wp\/v2\/product\/4789","targetHints":{"allow":["GET"]}}],"collection":[{"href":"https:\/\/lovavibe.com\/en\/wp-json\/wp\/v2\/product"}],"about":[{"href":"https:\/\/lovavibe.com\/en\/wp-json\/wp\/v2\/types\/product"}],"replies":[{"embeddable":true,"href":"https:\/\/lovavibe.com\/en\/wp-json\/wp\/v2\/comments?post=4789"}],"wp:featuredmedia":[{"embeddable":true,"href":"https:\/\/lovavibe.com\/en\/wp-json\/wp\/v2\/media\/6238"}],"wp:attachment":[{"href":"https:\/\/lovavibe.com\/en\/wp-json\/wp\/v2\/media?parent=4789"}],"wp:term":[{"taxonomy":"product_brand","embeddable":true,"href":"https:\/\/lovavibe.com\/en\/wp-json\/wp\/v2\/product_brand?post=4789"},{"taxonomy":"product_cat","embeddable":true,"href":"https:\/\/lovavibe.com\/en\/wp-json\/wp\/v2\/product_cat?post=4789"},{"taxonomy":"product_tag","embeddable":true,"href":"https:\/\/lovavibe.com\/en\/wp-json\/wp\/v2\/product_tag?post=4789"}],"curies":[{"name":"wp","href":"https:\/\/api.w.org\/{rel}","templated":true}]}}