{"id":7159,"date":"2025-10-03T21:13:04","date_gmt":"2025-10-04T01:13:04","guid":{"rendered":"https:\/\/lovavibe.com\/?post_type=product&#038;p=7159"},"modified":"2025-12-30T14:19:31","modified_gmt":"2025-12-30T18:19:31","slug":"spooky","status":"publish","type":"product","link":"https:\/\/lovavibe.com\/en\/product\/spooky\/","title":{"rendered":"Spooky"},"content":{"rendered":"","protected":false},"excerpt":{"rendered":"<p>Cette bo\u00eete myst\u00e8re \u00e9t\u00e9 pens\u00e9e pour les amoureux des soir\u00e9es d\u2019automne o\u00f9 l\u2019on s\u2019emmitoufle et se laisse bercer par des histoires \u00e9tranges et envo\u00fbtantes. Chaque objet gliss\u00e9 \u00e0 l\u2019int\u00e9rieur \u00e9voque ce m\u00e9lange unique de r\u00e9confort et de myst\u00e8re&#8230; comme une veill\u00e9e d\u2019octobre o\u00f9 l\u2019air sent les feuilles mortes et o\u00f9 chaque ombre raconte une histoire que seuls les courageux osent \u00e9couter<\/p>","protected":false},"featured_media":7153,"comment_status":"open","ping_status":"closed","template":"","meta":{"_glsr_average":0,"_glsr_ranking":0,"_glsr_reviews":0},"product_brand":[],"product_cat":[25],"product_tag":[],"class_list":{"0":"post-7159","1":"product","2":"type-product","3":"status-publish","4":"has-post-thumbnail","6":"product_cat-boites-thematiques","7":"product_shipping_class-petite-boite","8":"sales-flash-overlay","9":"woocommerce-text-align-center","10":"woocommerce-image-align-center","11":"do-quantity-buttons","13":"first","14":"instock","15":"taxable","16":"shipping-taxable","17":"purchasable","18":"product-type-simple"},"_links":{"self":[{"href":"https:\/\/lovavibe.com\/en\/wp-json\/wp\/v2\/product\/7159","targetHints":{"allow":["GET"]}}],"collection":[{"href":"https:\/\/lovavibe.com\/en\/wp-json\/wp\/v2\/product"}],"about":[{"href":"https:\/\/lovavibe.com\/en\/wp-json\/wp\/v2\/types\/product"}],"replies":[{"embeddable":true,"href":"https:\/\/lovavibe.com\/en\/wp-json\/wp\/v2\/comments?post=7159"}],"wp:featuredmedia":[{"embeddable":true,"href":"https:\/\/lovavibe.com\/en\/wp-json\/wp\/v2\/media\/7153"}],"wp:attachment":[{"href":"https:\/\/lovavibe.com\/en\/wp-json\/wp\/v2\/media?parent=7159"}],"wp:term":[{"taxonomy":"product_brand","embeddable":true,"href":"https:\/\/lovavibe.com\/en\/wp-json\/wp\/v2\/product_brand?post=7159"},{"taxonomy":"product_cat","embeddable":true,"href":"https:\/\/lovavibe.com\/en\/wp-json\/wp\/v2\/product_cat?post=7159"},{"taxonomy":"product_tag","embeddable":true,"href":"https:\/\/lovavibe.com\/en\/wp-json\/wp\/v2\/product_tag?post=7159"}],"curies":[{"name":"wp","href":"https:\/\/api.w.org\/{rel}","templated":true}]}}