{"id":7776,"date":"2026-04-21T16:08:12","date_gmt":"2026-04-21T20:08:12","guid":{"rendered":"https:\/\/lovavibe.com\/?post_type=product&#038;p=7776"},"modified":"2026-04-21T22:28:50","modified_gmt":"2026-04-22T02:28:50","slug":"boite-fleurie-fete-des-meres","status":"publish","type":"product","link":"https:\/\/lovavibe.com\/en\/product\/boite-fleurie-fete-des-meres\/","title":{"rendered":"Send a Vibe &#8211; La Bo\u00eete Fleurie \u00c9dition Limit\u00e9e &#8211; F\u00eate des M\u00e8res"},"content":{"rendered":"<p>Une bo\u00eete cadeau pour cr\u00e9er une ambiance florale, remplie de surprises qui respirent le printemps. L\u2019id\u00e9al pour illuminer la journ\u00e9e d\u2019une maman extraordinaire.<\/p>","protected":false},"excerpt":{"rendered":"<p>Oubliez le traditionnel bouquet de fleurs! Cette bo\u00eete cadeau \u00e0 l\u2019ambiance florale a \u00e9t\u00e9 soigneusement compos\u00e9e pour offrir un moment de douceur et d\u2019\u00e9l\u00e9gance \u00e0 la F\u00eate des M\u00e8res.<\/p>","protected":false},"featured_media":7779,"comment_status":"open","ping_status":"closed","template":"","meta":{"_glsr_average":0,"_glsr_ranking":0,"_glsr_reviews":0},"product_brand":[],"product_cat":[25],"product_tag":[],"class_list":{"0":"post-7776","1":"product","2":"type-product","3":"status-publish","4":"has-post-thumbnail","6":"product_cat-boites-thematiques","7":"product_shipping_class-petite-boite","8":"sales-flash-overlay","9":"woocommerce-text-align-center","10":"woocommerce-image-align-center","11":"do-quantity-buttons","13":"first","14":"instock","15":"taxable","16":"shipping-taxable","17":"purchasable","18":"product-type-composite"},"_links":{"self":[{"href":"https:\/\/lovavibe.com\/en\/wp-json\/wp\/v2\/product\/7776","targetHints":{"allow":["GET"]}}],"collection":[{"href":"https:\/\/lovavibe.com\/en\/wp-json\/wp\/v2\/product"}],"about":[{"href":"https:\/\/lovavibe.com\/en\/wp-json\/wp\/v2\/types\/product"}],"replies":[{"embeddable":true,"href":"https:\/\/lovavibe.com\/en\/wp-json\/wp\/v2\/comments?post=7776"}],"wp:featuredmedia":[{"embeddable":true,"href":"https:\/\/lovavibe.com\/en\/wp-json\/wp\/v2\/media\/7779"}],"wp:attachment":[{"href":"https:\/\/lovavibe.com\/en\/wp-json\/wp\/v2\/media?parent=7776"}],"wp:term":[{"taxonomy":"product_brand","embeddable":true,"href":"https:\/\/lovavibe.com\/en\/wp-json\/wp\/v2\/product_brand?post=7776"},{"taxonomy":"product_cat","embeddable":true,"href":"https:\/\/lovavibe.com\/en\/wp-json\/wp\/v2\/product_cat?post=7776"},{"taxonomy":"product_tag","embeddable":true,"href":"https:\/\/lovavibe.com\/en\/wp-json\/wp\/v2\/product_tag?post=7776"}],"curies":[{"name":"wp","href":"https:\/\/api.w.org\/{rel}","templated":true}]}}